{"id":21,"date":"2013-12-01T06:28:55","date_gmt":"2013-12-01T08:28:55","guid":{"rendered":"http:\/\/www.pontoinfinito.com.br\/CloveWP\/2013\/12\/01\/reglamento\/"},"modified":"2025-09-10T17:14:22","modified_gmt":"2025-09-10T20:14:22","slug":"reglamento-de-examen-2024","status":"publish","type":"page","link":"https:\/\/cloveonline.com\/?page_id=21","title":{"rendered":"Reglamento de Examen 2024"},"content":{"rendered":"\t<div id=\"gap-1190886297\" class=\"gap-element clearfix\" style=\"display:block; height:auto;\">\n\t\t\n<style>\n#gap-1190886297 {\n  padding-top: 35px;\n}\n<\/style>\n\t<\/div>\n\t\n<div class=\"row\"  id=\"row-263288455\">\n\n\t<div id=\"col-1258640481\" class=\"col small-12 large-12\"  >\n\t\t\t\t<div class=\"col-inner\"  >\n\t\t\t\n\t\t\t\n<h3 style=\"text-align: center;\"><strong>EXAMEN PARA LA ADMISI\u00d3N DE MIEMBROS DEL COLEGIO LATINOAMERICANO DE OFTALM\u00d3LOGOS VETERINARIOS<\/strong><\/h3>\n<p>A continuaci\u00f3n, se presentan los pasos del proceso de Examen para los aspirantes a ser Miembros Titulares del Colegio Latinoamericano de Oftalm\u00f3logos Veterinarios. Este examen implica un estado de \u201cCertificaci\u00f3n Profesional\u201d el cual significa el reconocimiento por parte de una Instituci\u00f3n reconocida, de algunos aspectos considerados fundamentales en la formaci\u00f3n y trayectoria \u00e9tica y t\u00e9cnica del profesional. El colegio tambi\u00e9n ofrece cursos de educaci\u00f3n continua, con privilegios y exclusiones para sus miembros.<br \/>\nLos requisitos de esta certificaci\u00f3n est\u00e1n basados en la demostraci\u00f3n, por parte del aspirante, de su competencia en 3 niveles diferentes:<br \/>\n<strong>1. Competencia t\u00e9cnica<\/strong>: poseer conocimientos y habilidades con un grado de actualizaci\u00f3n acorde a la literatura.<br \/>\n<strong>2. Competencia metodol\u00f3gica<\/strong>: capacidad para aplicar los conocimientos y habilidades de forma ordenada y secuencialmente l\u00f3gica para la atenci\u00f3n de un paciente y la comunicaci\u00f3n cient\u00edfica.<br \/>\n<strong>3. Competencia social<\/strong>: habilidad del profesional para desenvolverse en un medio social amplio, de modo de lograr la mejor atenci\u00f3n de un paciente.<br \/>\nPara esto el aspirante debe haber tenido una formaci\u00f3n dirigida durante un lapso determinado, poseer experiencia laboral y conocimientos t\u00e9cnicos, destrezas y aptitudes en el campo de la especialidad, a la vez que debe ser capaz de resolver problemas en forma aut\u00f3noma.<br \/>\nLa sola demostraci\u00f3n de conocimientos t\u00e9cnicos es insuficiente en un sistema donde se pretende generar una formaci\u00f3n dirigida a trav\u00e9s de un programa de educaci\u00f3n. La experiencia laboral garantiza la maduraci\u00f3n del individuo a trav\u00e9s de un aprendizaje supervisado y permite desempe\u00f1ar el rol social que creemos, un profesional debe tener.<\/p>\n<p>&nbsp;<\/p>\n<h4 style=\"text-align: center;\"><strong>A) REQUISITOS PARA PRESENTAR LA SOLICITUD DE EXAMEN.<\/strong><\/h4>\n<p>1. Poseer t\u00edtulo de Veterinario, M\u00e9dico Veterinario, Veterinario Zootecnista o equivalente, otorgado por una Universidad Nacional o Privada reconocida por las autoridades educativas del pa\u00eds de origen.<br \/>\n2. Poseer un m\u00ednimo de 4 a\u00f1os desde la obtenci\u00f3n del T\u00edtulo profesional a la fecha de presentaci\u00f3n.<br \/>\n3. Poseer un m\u00ednimo de 3 a\u00f1os de ejercicio pr\u00e1ctico de la Oftalmolog\u00eda Veterinaria de los cuales al menos 24 meses deben haber sido con pr\u00e1ctica supervisada. Se entiende como pr\u00e1ctica supervisada a aquella en la que ha intervenido un miembro titular del CLOVE o de organismos similares, personal universitario calificado en oftalmolog\u00eda veterinaria o personal de instituciones reconocidas calificado en oftalmolog\u00eda veterinaria. Este requisito deber\u00e1 ser comprobado fehacientemente, con una declaraci\u00f3n de la instituci\u00f3n o del profesor asesor.<br \/>\n4. Presentar Curriculum vitae de acuerdo a normas establecidas en anexo (ANEXO I).<br \/>\n5. Presentar la solicitud con el aval de 2 Miembros Titulares del CLOVE, quienes deber\u00e1n asesorar al candidato a la elaboraci\u00f3n correcta del curriculum vitae,<br \/>\n6. Abonar la Matr\u00edcula de Aplicaci\u00f3n y Evaluaci\u00f3n Curricular: <a href=\"https:\/\/cloveonline.com\/?add-to-cart=7736\" target=\"_blank\" rel=\"noopener noreferrer\"><u><strong>100 d\u00f3lares<\/strong><\/u><\/a>.<br \/>\n7. Despu\u00e9s de abonar la matr\u00edcula de aplicaci\u00f3n, el Curriculum Vitae, junto con los documentos necesarios, guardados en <strong>*.pdf<\/strong>, debe enviarse al correo electr\u00f3nico: <a href=\"mailto:envios@cloveonline.com\" target=\"_blank\" rel=\"noopener noreferrer\"><u>envios@cloveonline.com<\/u><\/a>.<\/p>\n<p><b>NO SERAN CONSIDERADAS PARA EL SIGUIENTE PUNTO LAS SOLICITUDES QUE HAYAN SIDO PRESENTADAS DESPUES DE LA FECHA RESPECTIVA, O LAS QUE NO CUMPLAN CON ALGUNO DE LOS PUNTOS MENCIONADOS ANTERIORMENTE.<b><\/b><\/b><\/p>\n<p>&nbsp;<\/p>\n<h4 style=\"text-align: center;\"><strong>B) PROCESO DE EXAMEN<\/strong><\/h4>\n<p>Abonar la Matr\u00edcula de Examen: <a href=\"https:\/\/cloveonline.com\/?add-to-cart=7734\" target=\"_blank\" rel=\"noopener noreferrer\"><u><strong>150 d\u00f3lares<\/strong><\/u><\/a>.<br \/>\nPrueba te\u00f3rico-pr\u00e1ctica formada por 3 partes (ANEXO II):<br \/>\nPrimer d\u00eda: prueba escrita de opci\u00f3n m\u00faltiple.<br \/>\nSegundo d\u00eda: prueba escrita de reconocimiento fotogr\u00e1fico.<br \/>\nTercer d\u00eda: prueba pr\u00e1ctica. Consta de la realizaci\u00f3n de cirug\u00edas (macro e microcirug\u00edas).<br \/>\nEstas 3 partes ser\u00e1n realizadas en una misma convocatoria en tres d\u00edas consecutivos, en caso de que el candidato no pase las pruebas te\u00f3ricas o pr\u00e1ctica, podr\u00e1 volver a rendir la parte desaprobada en la convocatoria siguiente.<\/p>\n<p>&nbsp;<\/p>\n<h4 style=\"text-align: center;\"><strong>C) CALENDARIO<\/strong><\/h4>\n<p>De 1 de enero hasta 31 de mayo 2024: pago de matricula de aplicaci\u00f3n, presentaci\u00f3n de solicitudes y curriculum vitae.<br \/>\nHasta 30 de junio 2024: comunicacion de solicitudes aceptadas.<br \/>\n<strong>FECHAS DE EX\u00c1MENES: 5, 6 y 7 DE MAYO DE 2025.<\/strong><br \/>\nLa prueba te\u00f3rico-pr\u00e1ctica se llevar\u00e1 a cabo en dos o m\u00e1s lugares simult\u00e1neamente. El pago del examen debe realizarse hasta tres meses antes de la fecha del examen, a trav\u00e9s del sitio web de CLOVE.<br \/>\nLos aranceles abonados en concepto de aplicaci\u00f3n y examen no ser\u00e1n devueltos bajo ninguna forma a aquellos aspirantes cuyas solicitudes no hayan sido aceptadas, que hayan reprobado alguna de las partes del proceso de examen o hayan retirado su solicitud.<br \/>\nEste calendario podr\u00e1 sufrir modificaciones de acuerdo a circunstancias que as\u00ed lo indiquen. Toda modificaci\u00f3n deber\u00e1 ser ampliamente comunicada con la antelaci\u00f3n necesaria.<\/p>\n<p><strong>Estimados compa\u00f1eros candidatos para CLOVE.<\/strong><br \/>\nEl nuevo est\u00e1ndar para la certificaci\u00f3n ahora consiste en un an\u00e1lisis curricular y, si el candidato lo aprueba, lo sigue con una prueba, que consta de tres fases, dos te\u00f3ricas (opci\u00f3n m\u00faltiple y diapositivas) y una pr\u00e1ctica.<\/p>\n<p>Los candidatos realizar\u00e1n las tres pruebas en d\u00edas consecutivos, en un lugar predeterminado por el Colegio. Los candidatos que no aprueben una o m\u00e1s de una prueba podr\u00e1n volver a presentarse \u00fanicamente a la prueba que reprobaron en la siguiente convocatoria, previo pago de la prueba te\u00f3rico-pr\u00e1ctica, que deber\u00e1 realizarse hasta 3 meses antes de la fecha de la prueba.<\/p>\n<h4 style=\"text-align: center;\"><strong>ANEXO I<\/strong><\/h4>\n<p>Formato de presentaci\u00f3n y requisitos necesarios del Curriculum:<br \/>\nEl Curr\u00edculum documentado deber\u00e1 presentarse escrito en castellano o portugu\u00e9s y ser enviado al Administraci\u00f3n del CLOVE por correo electr\u00f3nico en archivo, guardado en <strong>*.pdf<\/strong>, dentro del plazo establecido. Todos los documentos corroborativos deben enviarse en *pdf en el mismo correo electr\u00f3nico. No se har\u00e1n excepciones en este punto. La presentaci\u00f3n deber\u00e1 estar de acuerdo a los siguientes \u00edtems:<br \/>\n<strong>1. DATOS PERSONALES.<\/strong><br \/>\nApellido y nombres, Fecha de nacimiento, direcci\u00f3n particular y laboral, tel\u00e9fonos, e-mail.<br \/>\n<strong>2. TITULO DE GRADO.<\/strong><br \/>\nDenominaci\u00f3n del t\u00edtulo, Instituci\u00f3n que lo expide y fecha de obtenci\u00f3n.<br \/>\n<strong>3. TITULOS DE POST GRADO (m\u00e1ximo 30 puntos) (no obligatorio).<\/strong><br \/>\nEspecializaci\u00f3n, Maestr\u00eda y Doctorado (PhD) con orientaci\u00f3n en el \u00c1rea de Oftalmolog\u00eda. Especificar Instituci\u00f3n donde se obtuvo, t\u00edtulo de tesis y fecha de obtenci\u00f3n.<br \/>\nPuntos: Grados acad\u00e9micos (universitarios) de Especializaci\u00f3n (5 puntos), Maestr\u00eda (10 puntos) y Doctorado (PhD) (15 puntos).<br \/>\n<strong>4. ACTIVIDAD DOCENTE UNIVERSITARIA (m\u00e1ximo 15 puntos) (no obligatorio).<\/strong><br \/>\nEspecificar Instituci\u00f3n, dedicaci\u00f3n horaria semanal, duraci\u00f3n en el cargo y fechas de ingreso y egreso. A los Profesores de Universidades Nacionales o de Instituciones reconocidas a nivel Nacional, se les otorgar\u00e1 el siguiente puntaje:<br \/>\nProfesores de tiempo completo (m\u00ednimo 35 horas semanales): 3 puntos por a\u00f1o de antig\u00fcedad.<br \/>\nProfesores de tiempos parciales (m\u00ednimo 25 horas semanales): 1,5 puntos por a\u00f1o de antig\u00fcedad.<br \/>\nProfesores con reg\u00edmenes por horas de asignatura: 0,75 puntos por a\u00f1o de antig\u00fcedad.<br \/>\nProfesionales asociados a la docencia sin cargo de Profesor: 0,75 puntos por a\u00f1o de antig\u00fcedad.<br \/>\n<strong>5. EJERCICO PROFESIONAL EN EL AREA DE LA OFTALMOLOGIA VETERINARIA (m\u00ednimo 6 puntos, m\u00e1ximo 15 puntos) (OBLIGATORIO).<\/strong><br \/>\nIncluir residencias, pasant\u00edas, estancias cortas, concurrencias y visitas a centros profesionales. Especificar Instituci\u00f3n, duraci\u00f3n total en horas, fecha, actividad realizada.<br \/>\n5.1. Actividad profesional dirigida: Residencias, Pasant\u00edas, Estancias, Concurrencias o similares: hasta un m\u00e1ximo de 1 punto cada 300 horas. (se considera un a\u00f1o de 1500 horas efectivas)<br \/>\n5.2. Actividad profesional independiente: 3 puntos por a\u00f1o.<br \/>\n<strong>6. CURSOS DE POST GRADO (m\u00ednimo 15 puntos) (OBLIGATORIO).<\/strong><br \/>\nEn este punto deben incluirse solamente cursos post grado en el \u00e1rea de oftalmolog\u00eda, incluyendo clases tomadas durante el curso de posgrado (stricto o lato sensu). No debe colocarse aqu\u00ed la asistencia a congresos, jornadas, seminarios etc. de tem\u00e1tica general, aunque incluyan programa de oftalmolog\u00eda los cuales deben incluirse en el punto 9. Especificar nombre del curso, instituci\u00f3n organizadora, fecha de realizaci\u00f3n, duraci\u00f3n en horas, con o sin evaluaci\u00f3n. Aquellos cursos que no tengan completa la informaci\u00f3n solicitada, no ser\u00e1n tenidos en cuenta.<br \/>\nSe valorar\u00e1n de acuerdo a las siguientes categor\u00edas:<br \/>\n6.1. Cursos presenciales con evaluaci\u00f3n: 1 punto por cada 5 horas.<br \/>\n6.2. Cursos en l\u00ednea con evaluaci\u00f3n: 0.5 puntos por cada 5 horas.<br \/>\n6.3. Cursos presenciales sin evaluaci\u00f3n: 1 punto por cada 10 horas.<br \/>\n6.4. Cursos en l\u00ednea sin evaluaci\u00f3n: 0.5 puntos por cada 10 horas<br \/>\n<strong>7. PUBLICACIONES (No obligatorias).<\/strong><br \/>\nSe incluyen a aquellos trabajos publicados en revistas cient\u00edficas, no incluyendo las presentaciones en congresos y sus libros de res\u00famenes. Las publicaciones que se evaluar\u00e1n son solamente aquellas que est\u00e9n relacionadas a la especialidad. <a href=\"https:\/\/onlinelibrary.wiley.com\/page\/journal\/14635224\/homepage\/ForAuthors.html\" target=\"_blank\" rel=\"noopener noreferrer\"><u>El formato debe corresponderse con las instrucciones sobre bibliograf\u00eda para autores de la revista Veterinary Ophthalmology<\/u><\/a>.<br \/>\n7.1. Publicaciones con referato (sistema peer review):<br \/>\nComo 1er autor: 6 puntos por publicaci\u00f3n.<br \/>\nComo coautor: 4 puntos por publicaci\u00f3n.<br \/>\n7.2. Publicaciones sin referato:<br \/>\nComo 1er autor: 2 punto por publicaci\u00f3n<br \/>\nComo coautor: 1 punto por publicaci\u00f3n<br \/>\n7.3. Libros, cap\u00edtulos de libros: hasta 5 puntos por capitulo, no pudiendo sumar m\u00e1s de 10 puntos por libro. 10 Puntos por editor de libro.<br \/>\n7.4. Gu\u00edas de estudio o material de docencia: hasta 2 puntos en total<br \/>\n<strong>8. PRESENTACIONES EN CONGRESOS O EVENTOS SIMILARES (m\u00ednimo 6 puntos) (OBLIGATORIO).<\/strong><br \/>\nSe considerar\u00e1n s\u00f3lo aquellas publicadas en libros de res\u00famenes y relacionadas a la especialidad. Mencionar autores completos, nombre del evento, lugar, fecha y p\u00e1gina de publicaci\u00f3n en libro de res\u00famenes.<br \/>\nComo 1er. autor: 3 puntos por cada presentaci\u00f3n.<br \/>\nComo coautor: 1,5 puntos por cada presentaci\u00f3n.<br \/>\n<strong>9. OTROS (m\u00ednimo 6 puntos y m\u00e1ximo 20 puntos) (OBLIGATORIO).<\/strong><br \/>\nSe podr\u00e1n incluir aqu\u00ed cursos, conferencias, mesas redondas, etc., dictados por el postulante; asistencia a Congresos, Jornadas, etc.; innovaciones tecnol\u00f3gicas, desarrollo de t\u00e9cnicas, patentes, etc. Cualquier otra actividad que tenga relaci\u00f3n con el desarrollo de la Oftalmolog\u00eda Veterinaria. Por favor: s\u00f3lo incluya aqu\u00ed las actividades relacionadas con la Oftalmolog\u00eda.<br \/>\nSe podr\u00e1 considerar dentro de este \u00edtem (1 punto por evento):<br \/>\nAsistencia a Congresos CLOVE, ACVO, ECVO y CBOV (3 puntos por evento).<\/p>\n<p><strong>ACLARACIONES<\/strong><br \/>\nLos puntos 5, 6, 8 y 9 se consideran obligatorios, para lo cual el postulante deber\u00e1 reunir el m\u00ednimo estipulado para cada caso.<br \/>\nPara ser admitido en el proceso de examen, el postulante deber\u00e1 reunir un m\u00ednimo total de 60 puntos, dentro de los cuales se incluir\u00e1n los 33 puntos obligatorios.<br \/>\nEn caso de no reunirse el puntaje m\u00ednimo necesario, el postulante podr\u00e1 presentar nuevamente su solicitud en la siguiente convocatoria. No ser admitido no generar\u00e1 ning\u00fan antecedente en contra del postulante.<br \/>\nLos comprobantes que den validez a lo expuesto son requeridos por la Comisi\u00f3n de Examen. No ser\u00e1 considerada toda aquella informaci\u00f3n que no sea presentada de acuerdo al formato solicitado. No ser\u00e1n considerados los datos presentados de forma incompleta (Ejemplo: falta la cantidad de horas de un curso de post grado).<\/p>\n<p><strong>NO SERAN CONSIDERADOS AQUELLOS CURRICULUM QUE NO SE AJUSTEN AL FORMATO SOLICITADO.<\/strong><br \/>\nDespu\u00e9s de realizar el pago de matr\u00edcula de aplicaci\u00f3n, los siguientes documentos, guardados en <strong>*.pdf<\/strong>, deben enviarse al correo electr\u00f3nico: <a href=\"mailto:envios@cloveonline.com\" target=\"_blank\" rel=\"noopener noreferrer\"><u>envios@cloveonline.com<\/u><\/a>:<br \/>\n\u2013 Declaraci\u00f3n de pr\u00e1ctica supervisada, de al menos 24 meses, por el supervisor (miembro de CLOVE o similar) o instituci\u00f3n reconocida.<br \/>\n\u2013 Curriculum vitae.<br \/>\n\u2013 Carta de recomendaci\u00f3n de dos Miembros Titulares del CLOVE.<\/p>\n<p>&nbsp;<\/p>\n<h4 style=\"text-align: center;\"><strong>ANEXO II<\/strong><\/h4>\n<p><strong>Examen Te\u00f3rico Pr\u00e1ctico<\/strong><br \/>\nSugerencias bibliogr\u00e1ficas para el estudio dirigido al examen te\u00f3rico:<br \/>\nGelatt, KN; Gilger, BC; Kern, TJ. Veterinary Ophthalmology. 6to. Edicion (2021).<br \/>\nMaggs, DJ; Miller PE; Ofri, R. Slatter\u00b4s Fundamentals of Veterinary Ophthalmology. 6to. Edicion (2018).<br \/>\nVeterinary Ophthalmology Journal \u2013 The oficial journal of the ACVO.<br \/>\nSe les brindara a los candidatos acceso a un drive con 150 art\u00edculos cient\u00edficos de los cuales pueden venir preguntas en el examen.<\/p>\n<p><strong>Examen pr\u00e1ctico<\/strong><br \/>\nEl examen pr\u00e1ctico consiste en evaluar la competencia del candidato en t\u00e9cnicas quir\u00fargicas y microquir\u00fargicas. As\u00ed como su conocimiento te\u00f3rico de las mismas. A los candidatos se les pueden solicitar las siguientes t\u00e9cnicas:<br \/>\n<strong>T\u00e9cnicas de p\u00e1rpados<\/strong>:<br \/>\n1. Kuhnt \u2013 Szymanowski modificado por Munger o Bedford.<br \/>\n2. Plastia en H.<br \/>\n3. Flap rotacional.<br \/>\n4. T\u00e9cnica de Bigelbach.<br \/>\n5. Cantoplastia medial.<br \/>\n<strong>T\u00e9cnicas microquir\u00fargicas<\/strong>\u00a0(corneal e intraocular):<br \/>\n1. Mandil conjuntival (varios tipos) o transposici\u00f3n corneo-conjuntival<br \/>\n2. Extracci\u00f3n extra capsular de cristalino.<br \/>\nPara las t\u00e9cnicas de p\u00e1rpado, estar\u00e1n disponibles cad\u00e1veres de cerdo, perro o conejo.<br \/>\nPara las t\u00e9cnicas microquir\u00fargicas, estar\u00e1n disponibles ojos de cerdo y un microscopio quir\u00fargico.<br \/>\nLos candidatos tendr\u00e1n un m\u00e1ximo de 50 minutos para completar cada procedimiento. No se requerir\u00e1 antisepsia en los procedimientos.<br \/>\nCada solicitante debe traer todo el material requerido para los procedimientos quir\u00fargicos, incluidos instrumentos quir\u00fargicos, soluci\u00f3n de irrigaci\u00f3n, jeringas, agujas, material de sutura, cuchillas, guantes, lupas para la cabeza, etc.<br \/>\n<strong>LA FALTA DE MATERIAL REQUERIDO PUEDE RESULTAR EN LA REPROBACI\u00d3N DEL SOLICITANTE. LOS EXAMINADORES NO PROPORCIONAR\u00c1N NING\u00daN MATERIAL, INCLUIDOS LOS MATERIALES DESECHABLES.<\/strong><\/p>\n\t\t<\/div>\n\t\t\t\t\t<\/div>\n\n\t\n<\/div>\n\t<div id=\"gap-2010188166\" class=\"gap-element clearfix\" style=\"display:block; height:auto;\">\n\t\t\n<style>\n#gap-2010188166 {\n  padding-top: 70px;\n}\n<\/style>\n\t<\/div>\n\t\n","protected":false},"excerpt":{"rendered":"","protected":false},"author":1,"featured_media":0,"parent":0,"menu_order":2,"comment_status":"open","ping_status":"closed","template":"","meta":{"footnotes":""},"class_list":["post-21","page","type-page","status-publish","hentry"],"yoast_head":"<!-- This site is optimized with the Yoast SEO plugin v25.9 - https:\/\/yoast.com\/wordpress\/plugins\/seo\/ -->\n<title>Reglamento de Examen 2024 - CLOVE<\/title>\n<meta name=\"robots\" content=\"index, follow, max-snippet:-1, max-image-preview:large, max-video-preview:-1\" \/>\n<link rel=\"canonical\" href=\"https:\/\/cloveonline.com\/?page_id=21\" \/>\n<meta property=\"og:locale\" content=\"pt_BR\" \/>\n<meta property=\"og:type\" content=\"article\" \/>\n<meta property=\"og:title\" content=\"Reglamento de Examen 2024 - CLOVE\" \/>\n<meta property=\"og:url\" content=\"https:\/\/cloveonline.com\/?page_id=21\" \/>\n<meta property=\"og:site_name\" content=\"CLOVE\" \/>\n<meta property=\"article:modified_time\" content=\"2025-09-10T20:14:22+00:00\" \/>\n<meta name=\"twitter:card\" content=\"summary_large_image\" \/>\n<meta name=\"twitter:label1\" content=\"Est. tempo de leitura\" \/>\n\t<meta name=\"twitter:data1\" content=\"12 minutos\" \/>\n<script type=\"application\/ld+json\" class=\"yoast-schema-graph\">{\"@context\":\"https:\/\/schema.org\",\"@graph\":[{\"@type\":\"WebPage\",\"@id\":\"https:\/\/cloveonline.com\/?page_id=21\",\"url\":\"https:\/\/cloveonline.com\/?page_id=21\",\"name\":\"Reglamento de Examen 2024 - CLOVE\",\"isPartOf\":{\"@id\":\"https:\/\/cloveonline.com\/#website\"},\"datePublished\":\"2013-12-01T08:28:55+00:00\",\"dateModified\":\"2025-09-10T20:14:22+00:00\",\"breadcrumb\":{\"@id\":\"https:\/\/cloveonline.com\/?page_id=21#breadcrumb\"},\"inLanguage\":\"pt-BR\",\"potentialAction\":[{\"@type\":\"ReadAction\",\"target\":[\"https:\/\/cloveonline.com\/?page_id=21\"]}]},{\"@type\":\"BreadcrumbList\",\"@id\":\"https:\/\/cloveonline.com\/?page_id=21#breadcrumb\",\"itemListElement\":[{\"@type\":\"ListItem\",\"position\":1,\"name\":\"Portada\",\"item\":\"https:\/\/cloveonline.com\/\"},{\"@type\":\"ListItem\",\"position\":2,\"name\":\"Reglamento de Examen 2024\"}]},{\"@type\":\"WebSite\",\"@id\":\"https:\/\/cloveonline.com\/#website\",\"url\":\"https:\/\/cloveonline.com\/\",\"name\":\"CLOVE\",\"description\":\"Colegio Latinoamericano de Oftalm\u00f3logos Veterinarios\",\"potentialAction\":[{\"@type\":\"SearchAction\",\"target\":{\"@type\":\"EntryPoint\",\"urlTemplate\":\"https:\/\/cloveonline.com\/?s={search_term_string}\"},\"query-input\":{\"@type\":\"PropertyValueSpecification\",\"valueRequired\":true,\"valueName\":\"search_term_string\"}}],\"inLanguage\":\"pt-BR\"}]}<\/script>\n<!-- \/ Yoast SEO plugin. -->","yoast_head_json":{"title":"Reglamento de Examen 2024 - CLOVE","robots":{"index":"index","follow":"follow","max-snippet":"max-snippet:-1","max-image-preview":"max-image-preview:large","max-video-preview":"max-video-preview:-1"},"canonical":"https:\/\/cloveonline.com\/?page_id=21","og_locale":"pt_BR","og_type":"article","og_title":"Reglamento de Examen 2024 - CLOVE","og_url":"https:\/\/cloveonline.com\/?page_id=21","og_site_name":"CLOVE","article_modified_time":"2025-09-10T20:14:22+00:00","twitter_card":"summary_large_image","twitter_misc":{"Est. tempo de leitura":"12 minutos"},"schema":{"@context":"https:\/\/schema.org","@graph":[{"@type":"WebPage","@id":"https:\/\/cloveonline.com\/?page_id=21","url":"https:\/\/cloveonline.com\/?page_id=21","name":"Reglamento de Examen 2024 - CLOVE","isPartOf":{"@id":"https:\/\/cloveonline.com\/#website"},"datePublished":"2013-12-01T08:28:55+00:00","dateModified":"2025-09-10T20:14:22+00:00","breadcrumb":{"@id":"https:\/\/cloveonline.com\/?page_id=21#breadcrumb"},"inLanguage":"pt-BR","potentialAction":[{"@type":"ReadAction","target":["https:\/\/cloveonline.com\/?page_id=21"]}]},{"@type":"BreadcrumbList","@id":"https:\/\/cloveonline.com\/?page_id=21#breadcrumb","itemListElement":[{"@type":"ListItem","position":1,"name":"Portada","item":"https:\/\/cloveonline.com\/"},{"@type":"ListItem","position":2,"name":"Reglamento de Examen 2024"}]},{"@type":"WebSite","@id":"https:\/\/cloveonline.com\/#website","url":"https:\/\/cloveonline.com\/","name":"CLOVE","description":"Colegio Latinoamericano de Oftalm\u00f3logos Veterinarios","potentialAction":[{"@type":"SearchAction","target":{"@type":"EntryPoint","urlTemplate":"https:\/\/cloveonline.com\/?s={search_term_string}"},"query-input":{"@type":"PropertyValueSpecification","valueRequired":true,"valueName":"search_term_string"}}],"inLanguage":"pt-BR"}]}},"_links":{"self":[{"href":"https:\/\/cloveonline.com\/index.php?rest_route=\/wp\/v2\/pages\/21","targetHints":{"allow":["GET"]}}],"collection":[{"href":"https:\/\/cloveonline.com\/index.php?rest_route=\/wp\/v2\/pages"}],"about":[{"href":"https:\/\/cloveonline.com\/index.php?rest_route=\/wp\/v2\/types\/page"}],"author":[{"embeddable":true,"href":"https:\/\/cloveonline.com\/index.php?rest_route=\/wp\/v2\/users\/1"}],"replies":[{"embeddable":true,"href":"https:\/\/cloveonline.com\/index.php?rest_route=%2Fwp%2Fv2%2Fcomments&post=21"}],"version-history":[{"count":19,"href":"https:\/\/cloveonline.com\/index.php?rest_route=\/wp\/v2\/pages\/21\/revisions"}],"predecessor-version":[{"id":8932,"href":"https:\/\/cloveonline.com\/index.php?rest_route=\/wp\/v2\/pages\/21\/revisions\/8932"}],"wp:attachment":[{"href":"https:\/\/cloveonline.com\/index.php?rest_route=%2Fwp%2Fv2%2Fmedia&parent=21"}],"curies":[{"name":"wp","href":"https:\/\/api.w.org\/{rel}","templated":true}]}}