{"id":22,"date":"2013-12-09T22:32:41","date_gmt":"2013-12-10T00:32:41","guid":{"rendered":"http:\/\/www.pontoinfinito.com.br\/CloveWP\/2013\/12\/09\/prueba\/"},"modified":"2025-09-10T13:20:17","modified_gmt":"2025-09-10T16:20:17","slug":"1er-congreso-morelia-mexico-junio-de-2001","status":"publish","type":"page","link":"https:\/\/cloveonline.com\/?page_id=22","title":{"rendered":"1er. Congreso, Morelia, M\u00e9xico, Junio de 2001"},"content":{"rendered":"<div class=\"row\"  id=\"row-1119743078\">\n\n\t<div id=\"col-1863488741\" class=\"col small-12 large-12\"  >\n\t\t\t\t<div class=\"col-inner\"  >\n\t\t\t\n\t\t\t\n<p>En junio de 2001, en la ciudad de Morelia (M\u00e9xico), se realiz\u00f3 el primer Congreso del CLOVE conjuntamente con el Congreso de AMMVEPE. Este Congreso tuvo la participaci\u00f3n como disertantes invitados de Kirk Gelatt, Dennis Brooks, David Whitley y Tomas Kern que fueron acompa\u00f1ados por varios de los flamantes diplomados del CLOVE. Este evento marca el inicio formal de las actividades de CLOVE ya que en una sesi\u00f3n especial se hizo entrega de los diplomas que acreditaron como miembros fundadores a los primeros 19 diplomados del CLOVE. Los diplomas fueron entregados por los Dres. Gelatt, Brooks y Marc Simon quienes fueron los integrantes del jurado de examinaci\u00f3n de esos primeros 19 miembros. En ese Congreso tambi\u00e9n se eligi\u00f3 la primera Junta Directiva del CLOVE integrada por los Dres. Gustavo Garc\u00eda, Daniel Herrera, Jorge Pereira y Lucia Matins.<\/p>\n\t\t<\/div>\n\t\t\t\t\t<\/div>\n\n\t\n<\/div>\n\t<div id=\"gap-759824957\" class=\"gap-element clearfix\" style=\"display:block; height:auto;\">\n\t\t\n<style>\n#gap-759824957 {\n  padding-top: 70px;\n}\n<\/style>\n\t<\/div>\n\t\n","protected":false},"excerpt":{"rendered":"","protected":false},"author":1,"featured_media":0,"parent":0,"menu_order":7,"comment_status":"open","ping_status":"open","template":"page-blank-title-center.php","meta":{"footnotes":""},"class_list":["post-22","page","type-page","status-publish","hentry"],"yoast_head":"<!-- This site is optimized with the Yoast SEO plugin v25.9 - https:\/\/yoast.com\/wordpress\/plugins\/seo\/ -->\n<title>1er. Congreso, Morelia, M\u00e9xico, Junio de 2001 - CLOVE<\/title>\n<meta name=\"robots\" content=\"index, follow, max-snippet:-1, max-image-preview:large, max-video-preview:-1\" \/>\n<link rel=\"canonical\" href=\"https:\/\/cloveonline.com\/?page_id=22\" \/>\n<meta property=\"og:locale\" content=\"pt_BR\" \/>\n<meta property=\"og:type\" content=\"article\" \/>\n<meta property=\"og:title\" content=\"1er. Congreso, Morelia, M\u00e9xico, Junio de 2001 - CLOVE\" \/>\n<meta property=\"og:url\" content=\"https:\/\/cloveonline.com\/?page_id=22\" \/>\n<meta property=\"og:site_name\" content=\"CLOVE\" \/>\n<meta property=\"article:modified_time\" content=\"2025-09-10T16:20:17+00:00\" \/>\n<meta name=\"twitter:card\" content=\"summary_large_image\" \/>\n<meta name=\"twitter:label1\" content=\"Est. tempo de leitura\" \/>\n\t<meta name=\"twitter:data1\" content=\"1 minuto\" \/>\n<script type=\"application\/ld+json\" class=\"yoast-schema-graph\">{\"@context\":\"https:\/\/schema.org\",\"@graph\":[{\"@type\":\"WebPage\",\"@id\":\"https:\/\/cloveonline.com\/?page_id=22\",\"url\":\"https:\/\/cloveonline.com\/?page_id=22\",\"name\":\"1er. Congreso, Morelia, M\u00e9xico, Junio de 2001 - CLOVE\",\"isPartOf\":{\"@id\":\"https:\/\/cloveonline.com\/#website\"},\"datePublished\":\"2013-12-10T00:32:41+00:00\",\"dateModified\":\"2025-09-10T16:20:17+00:00\",\"breadcrumb\":{\"@id\":\"https:\/\/cloveonline.com\/?page_id=22#breadcrumb\"},\"inLanguage\":\"pt-BR\",\"potentialAction\":[{\"@type\":\"ReadAction\",\"target\":[\"https:\/\/cloveonline.com\/?page_id=22\"]}]},{\"@type\":\"BreadcrumbList\",\"@id\":\"https:\/\/cloveonline.com\/?page_id=22#breadcrumb\",\"itemListElement\":[{\"@type\":\"ListItem\",\"position\":1,\"name\":\"Portada\",\"item\":\"https:\/\/cloveonline.com\/\"},{\"@type\":\"ListItem\",\"position\":2,\"name\":\"1er. Congreso, Morelia, M\u00e9xico, Junio de 2001\"}]},{\"@type\":\"WebSite\",\"@id\":\"https:\/\/cloveonline.com\/#website\",\"url\":\"https:\/\/cloveonline.com\/\",\"name\":\"CLOVE\",\"description\":\"Colegio Latinoamericano de Oftalm\u00f3logos Veterinarios\",\"potentialAction\":[{\"@type\":\"SearchAction\",\"target\":{\"@type\":\"EntryPoint\",\"urlTemplate\":\"https:\/\/cloveonline.com\/?s={search_term_string}\"},\"query-input\":{\"@type\":\"PropertyValueSpecification\",\"valueRequired\":true,\"valueName\":\"search_term_string\"}}],\"inLanguage\":\"pt-BR\"}]}<\/script>\n<!-- \/ Yoast SEO plugin. -->","yoast_head_json":{"title":"1er. Congreso, Morelia, M\u00e9xico, Junio de 2001 - CLOVE","robots":{"index":"index","follow":"follow","max-snippet":"max-snippet:-1","max-image-preview":"max-image-preview:large","max-video-preview":"max-video-preview:-1"},"canonical":"https:\/\/cloveonline.com\/?page_id=22","og_locale":"pt_BR","og_type":"article","og_title":"1er. Congreso, Morelia, M\u00e9xico, Junio de 2001 - CLOVE","og_url":"https:\/\/cloveonline.com\/?page_id=22","og_site_name":"CLOVE","article_modified_time":"2025-09-10T16:20:17+00:00","twitter_card":"summary_large_image","twitter_misc":{"Est. tempo de leitura":"1 minuto"},"schema":{"@context":"https:\/\/schema.org","@graph":[{"@type":"WebPage","@id":"https:\/\/cloveonline.com\/?page_id=22","url":"https:\/\/cloveonline.com\/?page_id=22","name":"1er. Congreso, Morelia, M\u00e9xico, Junio de 2001 - CLOVE","isPartOf":{"@id":"https:\/\/cloveonline.com\/#website"},"datePublished":"2013-12-10T00:32:41+00:00","dateModified":"2025-09-10T16:20:17+00:00","breadcrumb":{"@id":"https:\/\/cloveonline.com\/?page_id=22#breadcrumb"},"inLanguage":"pt-BR","potentialAction":[{"@type":"ReadAction","target":["https:\/\/cloveonline.com\/?page_id=22"]}]},{"@type":"BreadcrumbList","@id":"https:\/\/cloveonline.com\/?page_id=22#breadcrumb","itemListElement":[{"@type":"ListItem","position":1,"name":"Portada","item":"https:\/\/cloveonline.com\/"},{"@type":"ListItem","position":2,"name":"1er. Congreso, Morelia, M\u00e9xico, Junio de 2001"}]},{"@type":"WebSite","@id":"https:\/\/cloveonline.com\/#website","url":"https:\/\/cloveonline.com\/","name":"CLOVE","description":"Colegio Latinoamericano de Oftalm\u00f3logos Veterinarios","potentialAction":[{"@type":"SearchAction","target":{"@type":"EntryPoint","urlTemplate":"https:\/\/cloveonline.com\/?s={search_term_string}"},"query-input":{"@type":"PropertyValueSpecification","valueRequired":true,"valueName":"search_term_string"}}],"inLanguage":"pt-BR"}]}},"_links":{"self":[{"href":"https:\/\/cloveonline.com\/index.php?rest_route=\/wp\/v2\/pages\/22","targetHints":{"allow":["GET"]}}],"collection":[{"href":"https:\/\/cloveonline.com\/index.php?rest_route=\/wp\/v2\/pages"}],"about":[{"href":"https:\/\/cloveonline.com\/index.php?rest_route=\/wp\/v2\/types\/page"}],"author":[{"embeddable":true,"href":"https:\/\/cloveonline.com\/index.php?rest_route=\/wp\/v2\/users\/1"}],"replies":[{"embeddable":true,"href":"https:\/\/cloveonline.com\/index.php?rest_route=%2Fwp%2Fv2%2Fcomments&post=22"}],"version-history":[{"count":1,"href":"https:\/\/cloveonline.com\/index.php?rest_route=\/wp\/v2\/pages\/22\/revisions"}],"predecessor-version":[{"id":8876,"href":"https:\/\/cloveonline.com\/index.php?rest_route=\/wp\/v2\/pages\/22\/revisions\/8876"}],"wp:attachment":[{"href":"https:\/\/cloveonline.com\/index.php?rest_route=%2Fwp%2Fv2%2Fmedia&parent=22"}],"curies":[{"name":"wp","href":"https:\/\/api.w.org\/{rel}","templated":true}]}}