{"id":282,"date":"2019-04-21T12:46:01","date_gmt":"2019-04-21T15:46:01","guid":{"rendered":"https:\/\/www.cloveonline.com\/?page_id=282"},"modified":"2025-09-10T13:09:03","modified_gmt":"2025-09-10T16:09:03","slug":"9no-congreso-brasilia-brasil-noviembre-de-2017","status":"publish","type":"page","link":"https:\/\/cloveonline.com\/?page_id=282","title":{"rendered":"9no. Congreso, Bras\u00edlia, Brasil, noviembre de 2017"},"content":{"rendered":"<div class=\"row\"  id=\"row-322078366\">\n\n\t<div id=\"col-2134153799\" class=\"col small-12 large-12\"  >\n\t\t\t\t<div class=\"col-inner\"  >\n\t\t\t\n\t\t\t\n<p>El IX Congreso del Colegio Latinoamericano de Oftalm\u00f3logos Veterinarios (CLOVE) ocurri\u00f3 en Brasilia entre los d\u00edas 21 y 24 de noviembre del 2017, en la FINATEC, dentro del Campus Darcy Riberiro &#8211; UnB. Recibi\u00f3 un total de 262 inscriptos, con representantes de varios pa\u00edses (232 del Brasil, 12 de Argentina, 7 de Colombia, 3 del Per\u00fa, 2 de Chile y 1 de Republica Dominicana).<\/p>\n<p>Fue organizado y coordinado por los siguientes miembros: Paula Galera (Brasil), Daniela Cremonini (Brasil), Jorge Pereira (Brasil), Eva Suarez (Espa\u00f1a) y Nathalie Weichsler (Argentina).<\/p>\n<p>El contenido cient\u00edfico, que abord\u00f3 temas sobre glaucoma y retina, fue ministrado por disertantes del Brasil (Dra. Regina Chalita \u2013 FM\/UnB, Dra. Angelica Safatle \u2013 USP y Dra. Arianne Ori\u00e1 \u2013 UFBA), Suiza (Dra. Eva Abarca Piedrafita), M\u00e9xico (Dr. Gustavo Adolfo Garc\u00eda Sanchez) y EUA (Dra Bianca Martins y Dr Sinisa Grozdanic). Fueron aprobados 112 res\u00famenes para presentaciones en poster y publicaci\u00f3n en revista indexada. El Comit\u00e9 Cient\u00edfico tambi\u00e9n seleccion\u00f3 11 res\u00famenes para presentaci\u00f3n oral. Varios cursos pre-congreso fueron realizaron y abordaron temas sobre retina y microcirug\u00eda.<\/p>\n<p>Fue aprobada por la comisi\u00f3n cient\u00edfica, para miembro del CLOVE, la Dra Mar\u00eda Guadalupe Sereno, graduada en Argentina con actuaci\u00f3n en Brasil.<\/p>\n<p>Fue nombrada la nueva director\u00eda (2017-2019) formada por los miembros: Jorge Pereira (Presidente), Paula Galera (Vice-Presidente), Andrea Kuner (Secretaria).<\/p>\n\t\t<\/div>\n\t\t\t\t\t<\/div>\n\n\t\n<\/div>\n\t<div id=\"gap-1358924048\" class=\"gap-element clearfix\" style=\"display:block; height:auto;\">\n\t\t\n<style>\n#gap-1358924048 {\n  padding-top: 70px;\n}\n<\/style>\n\t<\/div>\n\t\n","protected":false},"excerpt":{"rendered":"","protected":false},"author":1,"featured_media":0,"parent":0,"menu_order":0,"comment_status":"open","ping_status":"open","template":"page-blank-title-center.php","meta":{"footnotes":""},"class_list":["post-282","page","type-page","status-publish","hentry"],"yoast_head":"<!-- This site is optimized with the Yoast SEO plugin v25.9 - https:\/\/yoast.com\/wordpress\/plugins\/seo\/ -->\n<title>9no. Congreso, Bras\u00edlia, Brasil, noviembre de 2017 - CLOVE<\/title>\n<meta name=\"robots\" content=\"index, follow, max-snippet:-1, max-image-preview:large, max-video-preview:-1\" \/>\n<link rel=\"canonical\" href=\"https:\/\/cloveonline.com\/?page_id=282\" \/>\n<meta property=\"og:locale\" content=\"pt_BR\" \/>\n<meta property=\"og:type\" content=\"article\" \/>\n<meta property=\"og:title\" content=\"9no. Congreso, Bras\u00edlia, Brasil, noviembre de 2017 - CLOVE\" \/>\n<meta property=\"og:url\" content=\"https:\/\/cloveonline.com\/?page_id=282\" \/>\n<meta property=\"og:site_name\" content=\"CLOVE\" \/>\n<meta property=\"article:modified_time\" content=\"2025-09-10T16:09:03+00:00\" \/>\n<meta name=\"twitter:card\" content=\"summary_large_image\" \/>\n<meta name=\"twitter:label1\" content=\"Est. tempo de leitura\" \/>\n\t<meta name=\"twitter:data1\" content=\"2 minutos\" \/>\n<script type=\"application\/ld+json\" class=\"yoast-schema-graph\">{\"@context\":\"https:\/\/schema.org\",\"@graph\":[{\"@type\":\"WebPage\",\"@id\":\"https:\/\/cloveonline.com\/?page_id=282\",\"url\":\"https:\/\/cloveonline.com\/?page_id=282\",\"name\":\"9no. Congreso, Bras\u00edlia, Brasil, noviembre de 2017 - CLOVE\",\"isPartOf\":{\"@id\":\"https:\/\/cloveonline.com\/#website\"},\"datePublished\":\"2019-04-21T15:46:01+00:00\",\"dateModified\":\"2025-09-10T16:09:03+00:00\",\"breadcrumb\":{\"@id\":\"https:\/\/cloveonline.com\/?page_id=282#breadcrumb\"},\"inLanguage\":\"pt-BR\",\"potentialAction\":[{\"@type\":\"ReadAction\",\"target\":[\"https:\/\/cloveonline.com\/?page_id=282\"]}]},{\"@type\":\"BreadcrumbList\",\"@id\":\"https:\/\/cloveonline.com\/?page_id=282#breadcrumb\",\"itemListElement\":[{\"@type\":\"ListItem\",\"position\":1,\"name\":\"Portada\",\"item\":\"https:\/\/cloveonline.com\/\"},{\"@type\":\"ListItem\",\"position\":2,\"name\":\"9no. Congreso, Bras\u00edlia, Brasil, noviembre de 2017\"}]},{\"@type\":\"WebSite\",\"@id\":\"https:\/\/cloveonline.com\/#website\",\"url\":\"https:\/\/cloveonline.com\/\",\"name\":\"CLOVE\",\"description\":\"Colegio Latinoamericano de Oftalm\u00f3logos Veterinarios\",\"potentialAction\":[{\"@type\":\"SearchAction\",\"target\":{\"@type\":\"EntryPoint\",\"urlTemplate\":\"https:\/\/cloveonline.com\/?s={search_term_string}\"},\"query-input\":{\"@type\":\"PropertyValueSpecification\",\"valueRequired\":true,\"valueName\":\"search_term_string\"}}],\"inLanguage\":\"pt-BR\"}]}<\/script>\n<!-- \/ Yoast SEO plugin. -->","yoast_head_json":{"title":"9no. Congreso, Bras\u00edlia, Brasil, noviembre de 2017 - CLOVE","robots":{"index":"index","follow":"follow","max-snippet":"max-snippet:-1","max-image-preview":"max-image-preview:large","max-video-preview":"max-video-preview:-1"},"canonical":"https:\/\/cloveonline.com\/?page_id=282","og_locale":"pt_BR","og_type":"article","og_title":"9no. Congreso, Bras\u00edlia, Brasil, noviembre de 2017 - CLOVE","og_url":"https:\/\/cloveonline.com\/?page_id=282","og_site_name":"CLOVE","article_modified_time":"2025-09-10T16:09:03+00:00","twitter_card":"summary_large_image","twitter_misc":{"Est. tempo de leitura":"2 minutos"},"schema":{"@context":"https:\/\/schema.org","@graph":[{"@type":"WebPage","@id":"https:\/\/cloveonline.com\/?page_id=282","url":"https:\/\/cloveonline.com\/?page_id=282","name":"9no. Congreso, Bras\u00edlia, Brasil, noviembre de 2017 - CLOVE","isPartOf":{"@id":"https:\/\/cloveonline.com\/#website"},"datePublished":"2019-04-21T15:46:01+00:00","dateModified":"2025-09-10T16:09:03+00:00","breadcrumb":{"@id":"https:\/\/cloveonline.com\/?page_id=282#breadcrumb"},"inLanguage":"pt-BR","potentialAction":[{"@type":"ReadAction","target":["https:\/\/cloveonline.com\/?page_id=282"]}]},{"@type":"BreadcrumbList","@id":"https:\/\/cloveonline.com\/?page_id=282#breadcrumb","itemListElement":[{"@type":"ListItem","position":1,"name":"Portada","item":"https:\/\/cloveonline.com\/"},{"@type":"ListItem","position":2,"name":"9no. Congreso, Bras\u00edlia, Brasil, noviembre de 2017"}]},{"@type":"WebSite","@id":"https:\/\/cloveonline.com\/#website","url":"https:\/\/cloveonline.com\/","name":"CLOVE","description":"Colegio Latinoamericano de Oftalm\u00f3logos Veterinarios","potentialAction":[{"@type":"SearchAction","target":{"@type":"EntryPoint","urlTemplate":"https:\/\/cloveonline.com\/?s={search_term_string}"},"query-input":{"@type":"PropertyValueSpecification","valueRequired":true,"valueName":"search_term_string"}}],"inLanguage":"pt-BR"}]}},"_links":{"self":[{"href":"https:\/\/cloveonline.com\/index.php?rest_route=\/wp\/v2\/pages\/282","targetHints":{"allow":["GET"]}}],"collection":[{"href":"https:\/\/cloveonline.com\/index.php?rest_route=\/wp\/v2\/pages"}],"about":[{"href":"https:\/\/cloveonline.com\/index.php?rest_route=\/wp\/v2\/types\/page"}],"author":[{"embeddable":true,"href":"https:\/\/cloveonline.com\/index.php?rest_route=\/wp\/v2\/users\/1"}],"replies":[{"embeddable":true,"href":"https:\/\/cloveonline.com\/index.php?rest_route=%2Fwp%2Fv2%2Fcomments&post=282"}],"version-history":[{"count":1,"href":"https:\/\/cloveonline.com\/index.php?rest_route=\/wp\/v2\/pages\/282\/revisions"}],"predecessor-version":[{"id":8861,"href":"https:\/\/cloveonline.com\/index.php?rest_route=\/wp\/v2\/pages\/282\/revisions\/8861"}],"wp:attachment":[{"href":"https:\/\/cloveonline.com\/index.php?rest_route=%2Fwp%2Fv2%2Fmedia&parent=282"}],"curies":[{"name":"wp","href":"https:\/\/api.w.org\/{rel}","templated":true}]}}