{"id":286,"date":"2019-04-21T12:54:32","date_gmt":"2019-04-21T15:54:32","guid":{"rendered":"https:\/\/www.cloveonline.com\/?page_id=286"},"modified":"2025-09-10T15:59:48","modified_gmt":"2025-09-10T18:59:48","slug":"board","status":"publish","type":"page","link":"https:\/\/cloveonline.com\/?page_id=286","title":{"rendered":"Board"},"content":{"rendered":"<div class=\"row\"  id=\"row-1775593435\">\n\n\t<div id=\"col-989061831\" class=\"col small-12 large-12\"  >\n\t\t\t\t<div class=\"col-inner\"  >\n\t\t\t\n\t\t\t\n<hr \/>\n<h4 style=\"text-align: center;\">1. Junta directiva del CLOVE<\/h4>\n<div class=\"su-row\">\n<div class=\"su-column su-column-size-1-5\"><div class=\"su-column-inner su-u-clearfix su-u-trim\">\n<p align=\"center\"><img decoding=\"async\" class=\"aligncenter\" style=\"border-radius: 50%;\" src=\"https:\/\/cloveonline.com\/wp-content\/uploads\/2023\/10\/CV-NicolasCuretti.jpg\" alt=\"\" \/><br \/>\nPresidente:<br \/>\nNicol\u00e1s Curetti (Argentina)<\/p>\n<\/div><\/div>\n<div class=\"su-column su-column-size-1-5\"><div class=\"su-column-inner su-u-clearfix su-u-trim\">\n<p align=\"center\"><img decoding=\"async\" class=\"aligncenter\" style=\"border-radius: 50%;\" src=\"https:\/\/cloveonline.com\/wp-content\/uploads\/2025\/08\/CV-DanielaCremonini-1x1-1.jpg\" alt=\"\" \/><br \/>\nVice-Presidente:<br \/>\nDaniela Nogueira Cremonini (Brasil)<\/p>\n<\/div><\/div>\n<div class=\"su-column su-column-size-1-5\"><div class=\"su-column-inner su-u-clearfix su-u-trim\">\n<p align=\"center\"><img decoding=\"async\" class=\"aligncenter\" style=\"border-radius: 50%;\" src=\"https:\/\/cloveonline.com\/wp-content\/uploads\/2025\/08\/CV-JoseSanabria-1x1-1.jpg\" alt=\"\" \/><br \/>\nSecretario:<br \/>\nJos\u00e9 Sanabria (Venezuela)<\/p>\n<\/div><\/div>\n<div class=\"su-column su-column-size-1-5\"><div class=\"su-column-inner su-u-clearfix su-u-trim\">\n<p align=\"center\"><img decoding=\"async\" class=\"aligncenter\" style=\"border-radius: 50%;\" src=\"https:\/\/cloveonline.com\/wp-content\/uploads\/2020\/10\/CV-FredPineda.jpg\" alt=\"\" \/><br \/>\nTesorero:<br \/>\nFred Pineda (USA)<\/p>\n<\/div><\/div>\n<div class=\"su-column su-column-size-1-5\"><div class=\"su-column-inner su-u-clearfix su-u-trim\">\n<p align=\"center\"><img decoding=\"async\" class=\"aligncenter\" style=\"border-radius: 50%;\" src=\"https:\/\/cloveonline.com\/wp-content\/uploads\/2025\/08\/CV-AytzeePinon-1x1-1.jpg\" alt=\"\" \/><br \/>\nSuplente:<br \/>\nAytze\u00e9 Pi\u00f1on (M\u00e9xico)<\/p>\n<\/div><\/div>\n<\/div>\n<hr \/>\n<h4 style=\"text-align: center;\">2. Comisi\u00f3n de Examen<\/h4>\n<p align=\"center\">Gustavo A. Garc\u00eda Sanchez (Mexico) &#8211; Administrador<\/p>\n<p align=\"center\">Daniela Nogueira Cremonini (Brasil)<\/p>\n<p align=\"center\">Eva Abarca (Espa\u00f1a)<\/p>\n<p align=\"center\">Fred Pineda (Mexico)<\/p>\n<p align=\"center\">Rayssa Faleiro (Brasil)<\/p>\n<p align=\"center\">Pablo Sande (Argentina)<\/p>\n<hr \/>\n<h4 style=\"text-align: center;\">3. Comisi\u00f3n de Recertificaciones<\/h4>\n<p align=\"center\">Eva Mart\u00edn Suarez (Espa\u00f1a)<\/p>\n<p align=\"center\">Pablo Sande (Argentina)<\/p>\n<p align=\"center\">Janio Johnston Sandoval (Guatemala)<\/p>\n<hr \/>\n<h4 style=\"text-align: center;\">4. Comisi\u00f3n de Web<\/h4>\n<p align=\"center\">Daniela Nogueira Cremonini (Brasil)<\/p>\n<p align=\"center\">Guadalupe Sereno (Brasil)<\/p>\n<hr \/>\n<h4 style=\"text-align: center;\">5. Comisi\u00f3n Acad\u00e9mica<\/h4>\n<p align=\"center\">Nathalie Dower (Brasil)<\/p>\n<p align=\"center\">Carmen Colitz (Estados Unidos)<\/p>\n<p align=\"center\">Aytzee Pinon Cabrera (M\u00e9xico)<\/p>\n<p align=\"center\">Fred Pineda (Estados Unidos)<\/p>\n<hr \/>\n\t\t<\/div>\n\t\t\t\t\t<\/div>\n\n\t\n<\/div>\n\t<div id=\"gap-869940524\" class=\"gap-element clearfix\" style=\"display:block; height:auto;\">\n\t\t\n<style>\n#gap-869940524 {\n  padding-top: 70px;\n}\n<\/style>\n\t<\/div>\n\t\n","protected":false},"excerpt":{"rendered":"","protected":false},"author":1,"featured_media":0,"parent":0,"menu_order":4,"comment_status":"open","ping_status":"open","template":"page-blank-title-center.php","meta":{"footnotes":""},"class_list":["post-286","page","type-page","status-publish","hentry"],"yoast_head":"<!-- This site is optimized with the Yoast SEO plugin v25.9 - https:\/\/yoast.com\/wordpress\/plugins\/seo\/ -->\n<title>Board - CLOVE<\/title>\n<meta name=\"robots\" content=\"index, follow, max-snippet:-1, max-image-preview:large, max-video-preview:-1\" \/>\n<link rel=\"canonical\" href=\"https:\/\/cloveonline.com\/?page_id=286\" \/>\n<meta property=\"og:locale\" content=\"pt_BR\" \/>\n<meta property=\"og:type\" content=\"article\" \/>\n<meta property=\"og:title\" content=\"Board - CLOVE\" \/>\n<meta property=\"og:url\" content=\"https:\/\/cloveonline.com\/?page_id=286\" \/>\n<meta property=\"og:site_name\" content=\"CLOVE\" \/>\n<meta property=\"article:modified_time\" content=\"2025-09-10T18:59:48+00:00\" \/>\n<meta property=\"og:image\" content=\"https:\/\/cloveonline.com\/wp-content\/uploads\/2023\/10\/CV-NicolasCuretti.jpg\" \/>\n<meta name=\"twitter:card\" content=\"summary_large_image\" \/>\n<meta name=\"twitter:label1\" content=\"Est. tempo de leitura\" \/>\n\t<meta name=\"twitter:data1\" content=\"2 minutos\" \/>\n<script type=\"application\/ld+json\" class=\"yoast-schema-graph\">{\"@context\":\"https:\/\/schema.org\",\"@graph\":[{\"@type\":\"WebPage\",\"@id\":\"https:\/\/cloveonline.com\/?page_id=286\",\"url\":\"https:\/\/cloveonline.com\/?page_id=286\",\"name\":\"Board - CLOVE\",\"isPartOf\":{\"@id\":\"https:\/\/cloveonline.com\/#website\"},\"primaryImageOfPage\":{\"@id\":\"https:\/\/cloveonline.com\/?page_id=286#primaryimage\"},\"image\":{\"@id\":\"https:\/\/cloveonline.com\/?page_id=286#primaryimage\"},\"thumbnailUrl\":\"https:\/\/cloveonline.com\/wp-content\/uploads\/2023\/10\/CV-NicolasCuretti.jpg\",\"datePublished\":\"2019-04-21T15:54:32+00:00\",\"dateModified\":\"2025-09-10T18:59:48+00:00\",\"breadcrumb\":{\"@id\":\"https:\/\/cloveonline.com\/?page_id=286#breadcrumb\"},\"inLanguage\":\"pt-BR\",\"potentialAction\":[{\"@type\":\"ReadAction\",\"target\":[\"https:\/\/cloveonline.com\/?page_id=286\"]}]},{\"@type\":\"ImageObject\",\"inLanguage\":\"pt-BR\",\"@id\":\"https:\/\/cloveonline.com\/?page_id=286#primaryimage\",\"url\":\"https:\/\/cloveonline.com\/wp-content\/uploads\/2023\/10\/CV-NicolasCuretti.jpg\",\"contentUrl\":\"https:\/\/cloveonline.com\/wp-content\/uploads\/2023\/10\/CV-NicolasCuretti.jpg\",\"width\":922,\"height\":907},{\"@type\":\"BreadcrumbList\",\"@id\":\"https:\/\/cloveonline.com\/?page_id=286#breadcrumb\",\"itemListElement\":[{\"@type\":\"ListItem\",\"position\":1,\"name\":\"Portada\",\"item\":\"https:\/\/cloveonline.com\/\"},{\"@type\":\"ListItem\",\"position\":2,\"name\":\"Board\"}]},{\"@type\":\"WebSite\",\"@id\":\"https:\/\/cloveonline.com\/#website\",\"url\":\"https:\/\/cloveonline.com\/\",\"name\":\"CLOVE\",\"description\":\"Colegio Latinoamericano de Oftalm\u00f3logos Veterinarios\",\"potentialAction\":[{\"@type\":\"SearchAction\",\"target\":{\"@type\":\"EntryPoint\",\"urlTemplate\":\"https:\/\/cloveonline.com\/?s={search_term_string}\"},\"query-input\":{\"@type\":\"PropertyValueSpecification\",\"valueRequired\":true,\"valueName\":\"search_term_string\"}}],\"inLanguage\":\"pt-BR\"}]}<\/script>\n<!-- \/ Yoast SEO plugin. -->","yoast_head_json":{"title":"Board - CLOVE","robots":{"index":"index","follow":"follow","max-snippet":"max-snippet:-1","max-image-preview":"max-image-preview:large","max-video-preview":"max-video-preview:-1"},"canonical":"https:\/\/cloveonline.com\/?page_id=286","og_locale":"pt_BR","og_type":"article","og_title":"Board - CLOVE","og_url":"https:\/\/cloveonline.com\/?page_id=286","og_site_name":"CLOVE","article_modified_time":"2025-09-10T18:59:48+00:00","og_image":[{"url":"https:\/\/cloveonline.com\/wp-content\/uploads\/2023\/10\/CV-NicolasCuretti.jpg","type":"","width":"","height":""}],"twitter_card":"summary_large_image","twitter_misc":{"Est. tempo de leitura":"2 minutos"},"schema":{"@context":"https:\/\/schema.org","@graph":[{"@type":"WebPage","@id":"https:\/\/cloveonline.com\/?page_id=286","url":"https:\/\/cloveonline.com\/?page_id=286","name":"Board - CLOVE","isPartOf":{"@id":"https:\/\/cloveonline.com\/#website"},"primaryImageOfPage":{"@id":"https:\/\/cloveonline.com\/?page_id=286#primaryimage"},"image":{"@id":"https:\/\/cloveonline.com\/?page_id=286#primaryimage"},"thumbnailUrl":"https:\/\/cloveonline.com\/wp-content\/uploads\/2023\/10\/CV-NicolasCuretti.jpg","datePublished":"2019-04-21T15:54:32+00:00","dateModified":"2025-09-10T18:59:48+00:00","breadcrumb":{"@id":"https:\/\/cloveonline.com\/?page_id=286#breadcrumb"},"inLanguage":"pt-BR","potentialAction":[{"@type":"ReadAction","target":["https:\/\/cloveonline.com\/?page_id=286"]}]},{"@type":"ImageObject","inLanguage":"pt-BR","@id":"https:\/\/cloveonline.com\/?page_id=286#primaryimage","url":"https:\/\/cloveonline.com\/wp-content\/uploads\/2023\/10\/CV-NicolasCuretti.jpg","contentUrl":"https:\/\/cloveonline.com\/wp-content\/uploads\/2023\/10\/CV-NicolasCuretti.jpg","width":922,"height":907},{"@type":"BreadcrumbList","@id":"https:\/\/cloveonline.com\/?page_id=286#breadcrumb","itemListElement":[{"@type":"ListItem","position":1,"name":"Portada","item":"https:\/\/cloveonline.com\/"},{"@type":"ListItem","position":2,"name":"Board"}]},{"@type":"WebSite","@id":"https:\/\/cloveonline.com\/#website","url":"https:\/\/cloveonline.com\/","name":"CLOVE","description":"Colegio Latinoamericano de Oftalm\u00f3logos Veterinarios","potentialAction":[{"@type":"SearchAction","target":{"@type":"EntryPoint","urlTemplate":"https:\/\/cloveonline.com\/?s={search_term_string}"},"query-input":{"@type":"PropertyValueSpecification","valueRequired":true,"valueName":"search_term_string"}}],"inLanguage":"pt-BR"}]}},"_links":{"self":[{"href":"https:\/\/cloveonline.com\/index.php?rest_route=\/wp\/v2\/pages\/286","targetHints":{"allow":["GET"]}}],"collection":[{"href":"https:\/\/cloveonline.com\/index.php?rest_route=\/wp\/v2\/pages"}],"about":[{"href":"https:\/\/cloveonline.com\/index.php?rest_route=\/wp\/v2\/types\/page"}],"author":[{"embeddable":true,"href":"https:\/\/cloveonline.com\/index.php?rest_route=\/wp\/v2\/users\/1"}],"replies":[{"embeddable":true,"href":"https:\/\/cloveonline.com\/index.php?rest_route=%2Fwp%2Fv2%2Fcomments&post=286"}],"version-history":[{"count":9,"href":"https:\/\/cloveonline.com\/index.php?rest_route=\/wp\/v2\/pages\/286\/revisions"}],"predecessor-version":[{"id":8894,"href":"https:\/\/cloveonline.com\/index.php?rest_route=\/wp\/v2\/pages\/286\/revisions\/8894"}],"wp:attachment":[{"href":"https:\/\/cloveonline.com\/index.php?rest_route=%2Fwp%2Fv2%2Fmedia&parent=286"}],"curies":[{"name":"wp","href":"https:\/\/api.w.org\/{rel}","templated":true}]}}