{"id":30,"date":"2014-03-22T01:06:55","date_gmt":"2014-03-22T04:06:55","guid":{"rendered":"http:\/\/www.pontoinfinito.com.br\/CloveWP\/2014\/03\/22\/3er-congreso-mexico-df-mexico-abril-de-2005\/"},"modified":"2025-09-10T13:17:41","modified_gmt":"2025-09-10T16:17:41","slug":"3er-congreso-mexico-df-mexico-abril-de-2005","status":"publish","type":"page","link":"https:\/\/cloveonline.com\/?page_id=30","title":{"rendered":"3er. Congreso, M\u00e9xico DF, M\u00e9xico, abril de 2005"},"content":{"rendered":"<div class=\"row\"  id=\"row-1079178449\">\n\n\t<div id=\"col-1135123178\" class=\"col small-12 large-12\"  >\n\t\t\t\t<div class=\"col-inner\"  >\n\t\t\t\n\t\t\t\n<p><span style=\"line-height: 1.3em;\">El 3er. Congreso del CLOVE se realiz\u00f3 en la Ciudad de M\u00e9xico en mayo de 2005 como un precongreso del Congreso Mundial de WSAVA y fue organizado conjuntamente con la International Society of Veterinary Ophthalmology. Los disertantes invitados fueron los Dres. Dennis Brooks, David Maggs y Daniel Biros (EUA), Rudiger Kolber (Alemania), Manuel Villagrasa (Espa\u00f1a) y Gustavo Garc\u00eda (M\u00e9xico). Asistieron 76 veterinarios de Argentina, Brasil, Chile, Alemania, EUA, Israel, M\u00e9xico, Espa\u00f1a, Guatemala, Jap\u00f3n, Uruguay y Per\u00fa.\u00a0<\/span>Se realiz\u00f3 un simposio de Oftalmolog\u00eda Equina y se trataron temas como Inmunolog\u00eda Ocular, Oftalmolog\u00eda de Aves, Signos oculares de Hipertensi\u00f3n Arterial.<br \/>\nEn esa oportunidad ingres\u00f3 un nuevo miembro del CLOVE, la Dra. Nathalie Weichsler de Argentina, y asumi\u00f3 como presidente el Dr. Felipe Wouk de Brasil.<\/p>\n\t\t<\/div>\n\t\t\t\t\t<\/div>\n\n\t\n<\/div>\n\t<div id=\"gap-1980218726\" class=\"gap-element clearfix\" style=\"display:block; height:auto;\">\n\t\t\n<style>\n#gap-1980218726 {\n  padding-top: 70px;\n}\n<\/style>\n\t<\/div>\n\t\n<p>&nbsp;<\/p>\n","protected":false},"excerpt":{"rendered":"<p>&nbsp;<\/p>\n","protected":false},"author":1,"featured_media":0,"parent":0,"menu_order":5,"comment_status":"open","ping_status":"open","template":"page-blank-title-center.php","meta":{"footnotes":""},"class_list":["post-30","page","type-page","status-publish","hentry"],"yoast_head":"<!-- This site is optimized with the Yoast SEO plugin v25.9 - https:\/\/yoast.com\/wordpress\/plugins\/seo\/ -->\n<title>3er. Congreso, M\u00e9xico DF, M\u00e9xico, abril de 2005 - CLOVE<\/title>\n<meta name=\"robots\" content=\"index, follow, max-snippet:-1, max-image-preview:large, max-video-preview:-1\" \/>\n<link rel=\"canonical\" href=\"https:\/\/cloveonline.com\/?page_id=30\" \/>\n<meta property=\"og:locale\" content=\"pt_BR\" \/>\n<meta property=\"og:type\" content=\"article\" \/>\n<meta property=\"og:title\" content=\"3er. Congreso, M\u00e9xico DF, M\u00e9xico, abril de 2005 - CLOVE\" \/>\n<meta property=\"og:description\" content=\"&nbsp;\" \/>\n<meta property=\"og:url\" content=\"https:\/\/cloveonline.com\/?page_id=30\" \/>\n<meta property=\"og:site_name\" content=\"CLOVE\" \/>\n<meta property=\"article:modified_time\" content=\"2025-09-10T16:17:41+00:00\" \/>\n<meta name=\"twitter:card\" content=\"summary_large_image\" \/>\n<meta name=\"twitter:label1\" content=\"Est. tempo de leitura\" \/>\n\t<meta name=\"twitter:data1\" content=\"1 minuto\" \/>\n<script type=\"application\/ld+json\" class=\"yoast-schema-graph\">{\"@context\":\"https:\/\/schema.org\",\"@graph\":[{\"@type\":\"WebPage\",\"@id\":\"https:\/\/cloveonline.com\/?page_id=30\",\"url\":\"https:\/\/cloveonline.com\/?page_id=30\",\"name\":\"3er. Congreso, M\u00e9xico DF, M\u00e9xico, abril de 2005 - CLOVE\",\"isPartOf\":{\"@id\":\"https:\/\/cloveonline.com\/#website\"},\"datePublished\":\"2014-03-22T04:06:55+00:00\",\"dateModified\":\"2025-09-10T16:17:41+00:00\",\"breadcrumb\":{\"@id\":\"https:\/\/cloveonline.com\/?page_id=30#breadcrumb\"},\"inLanguage\":\"pt-BR\",\"potentialAction\":[{\"@type\":\"ReadAction\",\"target\":[\"https:\/\/cloveonline.com\/?page_id=30\"]}]},{\"@type\":\"BreadcrumbList\",\"@id\":\"https:\/\/cloveonline.com\/?page_id=30#breadcrumb\",\"itemListElement\":[{\"@type\":\"ListItem\",\"position\":1,\"name\":\"Portada\",\"item\":\"https:\/\/cloveonline.com\/\"},{\"@type\":\"ListItem\",\"position\":2,\"name\":\"3er. Congreso, M\u00e9xico DF, M\u00e9xico, abril de 2005\"}]},{\"@type\":\"WebSite\",\"@id\":\"https:\/\/cloveonline.com\/#website\",\"url\":\"https:\/\/cloveonline.com\/\",\"name\":\"CLOVE\",\"description\":\"Colegio Latinoamericano de Oftalm\u00f3logos Veterinarios\",\"potentialAction\":[{\"@type\":\"SearchAction\",\"target\":{\"@type\":\"EntryPoint\",\"urlTemplate\":\"https:\/\/cloveonline.com\/?s={search_term_string}\"},\"query-input\":{\"@type\":\"PropertyValueSpecification\",\"valueRequired\":true,\"valueName\":\"search_term_string\"}}],\"inLanguage\":\"pt-BR\"}]}<\/script>\n<!-- \/ Yoast SEO plugin. -->","yoast_head_json":{"title":"3er. Congreso, M\u00e9xico DF, M\u00e9xico, abril de 2005 - CLOVE","robots":{"index":"index","follow":"follow","max-snippet":"max-snippet:-1","max-image-preview":"max-image-preview:large","max-video-preview":"max-video-preview:-1"},"canonical":"https:\/\/cloveonline.com\/?page_id=30","og_locale":"pt_BR","og_type":"article","og_title":"3er. Congreso, M\u00e9xico DF, M\u00e9xico, abril de 2005 - CLOVE","og_description":"&nbsp;","og_url":"https:\/\/cloveonline.com\/?page_id=30","og_site_name":"CLOVE","article_modified_time":"2025-09-10T16:17:41+00:00","twitter_card":"summary_large_image","twitter_misc":{"Est. tempo de leitura":"1 minuto"},"schema":{"@context":"https:\/\/schema.org","@graph":[{"@type":"WebPage","@id":"https:\/\/cloveonline.com\/?page_id=30","url":"https:\/\/cloveonline.com\/?page_id=30","name":"3er. Congreso, M\u00e9xico DF, M\u00e9xico, abril de 2005 - CLOVE","isPartOf":{"@id":"https:\/\/cloveonline.com\/#website"},"datePublished":"2014-03-22T04:06:55+00:00","dateModified":"2025-09-10T16:17:41+00:00","breadcrumb":{"@id":"https:\/\/cloveonline.com\/?page_id=30#breadcrumb"},"inLanguage":"pt-BR","potentialAction":[{"@type":"ReadAction","target":["https:\/\/cloveonline.com\/?page_id=30"]}]},{"@type":"BreadcrumbList","@id":"https:\/\/cloveonline.com\/?page_id=30#breadcrumb","itemListElement":[{"@type":"ListItem","position":1,"name":"Portada","item":"https:\/\/cloveonline.com\/"},{"@type":"ListItem","position":2,"name":"3er. Congreso, M\u00e9xico DF, M\u00e9xico, abril de 2005"}]},{"@type":"WebSite","@id":"https:\/\/cloveonline.com\/#website","url":"https:\/\/cloveonline.com\/","name":"CLOVE","description":"Colegio Latinoamericano de Oftalm\u00f3logos Veterinarios","potentialAction":[{"@type":"SearchAction","target":{"@type":"EntryPoint","urlTemplate":"https:\/\/cloveonline.com\/?s={search_term_string}"},"query-input":{"@type":"PropertyValueSpecification","valueRequired":true,"valueName":"search_term_string"}}],"inLanguage":"pt-BR"}]}},"_links":{"self":[{"href":"https:\/\/cloveonline.com\/index.php?rest_route=\/wp\/v2\/pages\/30","targetHints":{"allow":["GET"]}}],"collection":[{"href":"https:\/\/cloveonline.com\/index.php?rest_route=\/wp\/v2\/pages"}],"about":[{"href":"https:\/\/cloveonline.com\/index.php?rest_route=\/wp\/v2\/types\/page"}],"author":[{"embeddable":true,"href":"https:\/\/cloveonline.com\/index.php?rest_route=\/wp\/v2\/users\/1"}],"replies":[{"embeddable":true,"href":"https:\/\/cloveonline.com\/index.php?rest_route=%2Fwp%2Fv2%2Fcomments&post=30"}],"version-history":[{"count":1,"href":"https:\/\/cloveonline.com\/index.php?rest_route=\/wp\/v2\/pages\/30\/revisions"}],"predecessor-version":[{"id":8872,"href":"https:\/\/cloveonline.com\/index.php?rest_route=\/wp\/v2\/pages\/30\/revisions\/8872"}],"wp:attachment":[{"href":"https:\/\/cloveonline.com\/index.php?rest_route=%2Fwp%2Fv2%2Fmedia&parent=30"}],"curies":[{"name":"wp","href":"https:\/\/api.w.org\/{rel}","templated":true}]}}