{"id":35,"date":"2014-03-22T01:12:21","date_gmt":"2014-03-22T04:12:21","guid":{"rendered":"http:\/\/www.pontoinfinito.com.br\/CloveWP\/2014\/03\/22\/el-8vo-congreso-del-clove-se-realizara-en-chile-en-2015-proximamente-informacion-disponible\/"},"modified":"2025-09-10T13:10:10","modified_gmt":"2025-09-10T16:10:10","slug":"el-8vo-congreso-del-clove-se-realizara-en-chile-en-2015-proximamente-informacion-disponible","status":"publish","type":"page","link":"https:\/\/cloveonline.com\/?page_id=35","title":{"rendered":"8vo. Congreso, Concepci\u00f3n, Chile, noviembre 2015"},"content":{"rendered":"<div class=\"row\"  id=\"row-1338350901\">\n\n\t<div id=\"col-781274279\" class=\"col small-12 large-12\"  >\n\t\t\t\t<div class=\"col-inner\"  >\n\t\t\t\n\t\t\t\n<p>El 8vo. Congreso del CLOVE se realiz\u00f3 en la ciudad de Concepci\u00f3n (Chile) del 26 al 29 de noviembre de 2015. Las actividades se llevaron a cabo en las instalaciones de la Facultad de Veterinaria de la Universidad de Concepci\u00f3n y durante los d\u00edas 26 y 27 se realizaron diversas actividades pre congreso que incluyeron: Curso de Actualizaci\u00f3n en Oftalmolog\u00eda Felina (35 participantes), Taller de Cirug\u00eda Palpebral (27 participantes), Taller de Oftalmolog\u00eda Equina (24 participantes) y Curso de Fotograf\u00eda Ocular (5 participantes).<\/p>\n<p>El Congreso de realiz\u00f3 los d\u00edas 28 y 29 con un asistencia de 126 participantes de Argentina, Brasil, Chile, Colombia, Ecuador, Espa\u00f1a, M\u00e9xico, Panam\u00e1, Per\u00fa, Uruguay y Venezuela. Las actividades consistieron en conferencias y mesas redondas sobre la tem\u00e1tica de &#8220;Superficie Ocular&#8221; y se presentaron numerosos trabajos en modalidad oral y poster.<\/p>\n<p>Se realiz\u00f3 tambi\u00e9n un concurso de fotograf\u00eda ocular en el que los asistentes votaron las dos mejores fotograf\u00edas que fueron premiadas.<\/p>\n<p>Dos nuevos miembros aprobaron su examen de ingreso: los Dres: Carlos Aparicio de Colombia y Nicol\u00e1s Curetti de Argentina. Tambi\u00e9n asume como Presidente para el per\u00edodo 2015-2017, la Dra. Nathalie Weichsler. Asimismo, se elige en Asamblea a Brasilia como la sede del 9no. Congreso a realizarse en 2017.<\/p>\n\t\t<\/div>\n\t\t\t\t\t<\/div>\n\n\t\n<\/div>\n\t<div id=\"gap-1153430210\" class=\"gap-element clearfix\" style=\"display:block; height:auto;\">\n\t\t\n<style>\n#gap-1153430210 {\n  padding-top: 70px;\n}\n<\/style>\n\t<\/div>\n\t\n<p>&nbsp;<\/p>\n","protected":false},"excerpt":{"rendered":"<p>&nbsp;<\/p>\n","protected":false},"author":1,"featured_media":0,"parent":0,"menu_order":0,"comment_status":"open","ping_status":"open","template":"page-blank-title-center.php","meta":{"footnotes":""},"class_list":["post-35","page","type-page","status-publish","hentry"],"yoast_head":"<!-- This site is optimized with the Yoast SEO plugin v25.9 - https:\/\/yoast.com\/wordpress\/plugins\/seo\/ -->\n<title>8vo. Congreso, Concepci\u00f3n, Chile, noviembre 2015 - CLOVE<\/title>\n<meta name=\"robots\" content=\"index, follow, max-snippet:-1, max-image-preview:large, max-video-preview:-1\" \/>\n<link rel=\"canonical\" href=\"https:\/\/cloveonline.com\/?page_id=35\" \/>\n<meta property=\"og:locale\" content=\"pt_BR\" \/>\n<meta property=\"og:type\" content=\"article\" \/>\n<meta property=\"og:title\" content=\"8vo. Congreso, Concepci\u00f3n, Chile, noviembre 2015 - CLOVE\" \/>\n<meta property=\"og:description\" content=\"&nbsp;\" \/>\n<meta property=\"og:url\" content=\"https:\/\/cloveonline.com\/?page_id=35\" \/>\n<meta property=\"og:site_name\" content=\"CLOVE\" \/>\n<meta property=\"article:modified_time\" content=\"2025-09-10T16:10:10+00:00\" \/>\n<meta name=\"twitter:card\" content=\"summary_large_image\" \/>\n<meta name=\"twitter:label1\" content=\"Est. tempo de leitura\" \/>\n\t<meta name=\"twitter:data1\" content=\"2 minutos\" \/>\n<script type=\"application\/ld+json\" class=\"yoast-schema-graph\">{\"@context\":\"https:\/\/schema.org\",\"@graph\":[{\"@type\":\"WebPage\",\"@id\":\"https:\/\/cloveonline.com\/?page_id=35\",\"url\":\"https:\/\/cloveonline.com\/?page_id=35\",\"name\":\"8vo. Congreso, Concepci\u00f3n, Chile, noviembre 2015 - CLOVE\",\"isPartOf\":{\"@id\":\"https:\/\/cloveonline.com\/#website\"},\"datePublished\":\"2014-03-22T04:12:21+00:00\",\"dateModified\":\"2025-09-10T16:10:10+00:00\",\"breadcrumb\":{\"@id\":\"https:\/\/cloveonline.com\/?page_id=35#breadcrumb\"},\"inLanguage\":\"pt-BR\",\"potentialAction\":[{\"@type\":\"ReadAction\",\"target\":[\"https:\/\/cloveonline.com\/?page_id=35\"]}]},{\"@type\":\"BreadcrumbList\",\"@id\":\"https:\/\/cloveonline.com\/?page_id=35#breadcrumb\",\"itemListElement\":[{\"@type\":\"ListItem\",\"position\":1,\"name\":\"Portada\",\"item\":\"https:\/\/cloveonline.com\/\"},{\"@type\":\"ListItem\",\"position\":2,\"name\":\"8vo. Congreso, Concepci\u00f3n, Chile, noviembre 2015\"}]},{\"@type\":\"WebSite\",\"@id\":\"https:\/\/cloveonline.com\/#website\",\"url\":\"https:\/\/cloveonline.com\/\",\"name\":\"CLOVE\",\"description\":\"Colegio Latinoamericano de Oftalm\u00f3logos Veterinarios\",\"potentialAction\":[{\"@type\":\"SearchAction\",\"target\":{\"@type\":\"EntryPoint\",\"urlTemplate\":\"https:\/\/cloveonline.com\/?s={search_term_string}\"},\"query-input\":{\"@type\":\"PropertyValueSpecification\",\"valueRequired\":true,\"valueName\":\"search_term_string\"}}],\"inLanguage\":\"pt-BR\"}]}<\/script>\n<!-- \/ Yoast SEO plugin. -->","yoast_head_json":{"title":"8vo. Congreso, Concepci\u00f3n, Chile, noviembre 2015 - CLOVE","robots":{"index":"index","follow":"follow","max-snippet":"max-snippet:-1","max-image-preview":"max-image-preview:large","max-video-preview":"max-video-preview:-1"},"canonical":"https:\/\/cloveonline.com\/?page_id=35","og_locale":"pt_BR","og_type":"article","og_title":"8vo. Congreso, Concepci\u00f3n, Chile, noviembre 2015 - CLOVE","og_description":"&nbsp;","og_url":"https:\/\/cloveonline.com\/?page_id=35","og_site_name":"CLOVE","article_modified_time":"2025-09-10T16:10:10+00:00","twitter_card":"summary_large_image","twitter_misc":{"Est. tempo de leitura":"2 minutos"},"schema":{"@context":"https:\/\/schema.org","@graph":[{"@type":"WebPage","@id":"https:\/\/cloveonline.com\/?page_id=35","url":"https:\/\/cloveonline.com\/?page_id=35","name":"8vo. Congreso, Concepci\u00f3n, Chile, noviembre 2015 - CLOVE","isPartOf":{"@id":"https:\/\/cloveonline.com\/#website"},"datePublished":"2014-03-22T04:12:21+00:00","dateModified":"2025-09-10T16:10:10+00:00","breadcrumb":{"@id":"https:\/\/cloveonline.com\/?page_id=35#breadcrumb"},"inLanguage":"pt-BR","potentialAction":[{"@type":"ReadAction","target":["https:\/\/cloveonline.com\/?page_id=35"]}]},{"@type":"BreadcrumbList","@id":"https:\/\/cloveonline.com\/?page_id=35#breadcrumb","itemListElement":[{"@type":"ListItem","position":1,"name":"Portada","item":"https:\/\/cloveonline.com\/"},{"@type":"ListItem","position":2,"name":"8vo. Congreso, Concepci\u00f3n, Chile, noviembre 2015"}]},{"@type":"WebSite","@id":"https:\/\/cloveonline.com\/#website","url":"https:\/\/cloveonline.com\/","name":"CLOVE","description":"Colegio Latinoamericano de Oftalm\u00f3logos Veterinarios","potentialAction":[{"@type":"SearchAction","target":{"@type":"EntryPoint","urlTemplate":"https:\/\/cloveonline.com\/?s={search_term_string}"},"query-input":{"@type":"PropertyValueSpecification","valueRequired":true,"valueName":"search_term_string"}}],"inLanguage":"pt-BR"}]}},"_links":{"self":[{"href":"https:\/\/cloveonline.com\/index.php?rest_route=\/wp\/v2\/pages\/35","targetHints":{"allow":["GET"]}}],"collection":[{"href":"https:\/\/cloveonline.com\/index.php?rest_route=\/wp\/v2\/pages"}],"about":[{"href":"https:\/\/cloveonline.com\/index.php?rest_route=\/wp\/v2\/types\/page"}],"author":[{"embeddable":true,"href":"https:\/\/cloveonline.com\/index.php?rest_route=\/wp\/v2\/users\/1"}],"replies":[{"embeddable":true,"href":"https:\/\/cloveonline.com\/index.php?rest_route=%2Fwp%2Fv2%2Fcomments&post=35"}],"version-history":[{"count":1,"href":"https:\/\/cloveonline.com\/index.php?rest_route=\/wp\/v2\/pages\/35\/revisions"}],"predecessor-version":[{"id":8863,"href":"https:\/\/cloveonline.com\/index.php?rest_route=\/wp\/v2\/pages\/35\/revisions\/8863"}],"wp:attachment":[{"href":"https:\/\/cloveonline.com\/index.php?rest_route=%2Fwp%2Fv2%2Fmedia&parent=35"}],"curies":[{"name":"wp","href":"https:\/\/api.w.org\/{rel}","templated":true}]}}