{"id":6,"date":"2013-12-01T02:27:44","date_gmt":"2013-12-01T04:27:44","guid":{"rendered":"http:\/\/www.pontoinfinito.com.br\/CloveWP\/2013\/12\/01\/historia\/"},"modified":"2025-09-10T13:02:02","modified_gmt":"2025-09-10T16:02:02","slug":"historia","status":"publish","type":"page","link":"https:\/\/cloveonline.com\/?page_id=6","title":{"rendered":"Historia"},"content":{"rendered":"<div class=\"row\"  id=\"row-849912585\">\n\n\t<div id=\"col-151761772\" class=\"col small-12 large-12\"  >\n\t\t\t\t<div class=\"col-inner\"  >\n\t\t\t\n\t\t\t\n<p><strong>El Colegio Latinoamericano de Oftalm\u00f3logos Veterinarios (CLOVE) se fund\u00f3 en R\u00edo de Janeiro, Brasil el 9 de junio de 2000 y se encuentra inscripto en el Registro Civil de Personas Jur\u00eddicas de R\u00edo de Janeiro con el n\u00famero 13111553064, con fecha 11 de mayo de 2001.<\/strong><\/p>\n<p><strong>El CLOVE tiene su antecedente en la Sociedad Latinoamericana de Oftalmolog\u00eda Veterinaria (SOLOVE) creada en Santiago de Chile el 8 de octubre de 1992, y surge como una necesidad de un grupo de profesionales veterinarios dedicados a la Oftalmolog\u00eda, con el objeto de reconocer los logros alcanzados por veterinarios que as\u00ed lo deseen, y de fijar un est\u00e1ndar de especialista en el \u00e1rea a trav\u00e9s de un examen.<\/strong><\/p>\n<p><strong>La primera promoci\u00f3n de diplomados se llev\u00f3 a cabo en Morelia, M\u00e9xico, durante el I Congreso del CLOVE y estuvo integrada por 19 profesionales de Argentina, Brasil, Espa\u00f1a, Guatemala, M\u00e9xico y Uruguay. Esta promoci\u00f3n obtuvo su certificado luego de un examen del que participaron como jurados 2 miembros del American College of Veterinary Ophthalmologists (ACVO) y 1 del European College of Veterinary Ophthalmologists (ECVO). La primer Comisi\u00f3n Directiva estuvo integrada por Gustavo Adolfo Garc\u00eda S\u00e1nchez (M\u00e9xico), Daniel Herrera (Argentina), Jorge Pereira (Brasil) y Ana Lucia Martins (Brasil).<\/strong><\/p>\n<p><strong>Durante el II Congreso del CLOVE realizado en R\u00edo de Janeiro en agosto de 2003 se uni\u00f3 la segunda promoci\u00f3n integrada por 11 veterinarios de Argentina, Brasil, M\u00e9xico y Uruguay y se renovaron autoridades.<\/strong><\/p>\n<p><strong>Durante el a\u00f1o 2004 se comenz\u00f3 con la selecci\u00f3n de las siguientes promociones bianualmente y actualmente el CLOVE cuenta con 35 integrantes de Argentina, Brasil, Colombia, Espa\u00f1a, Guatemala, M\u00e9xico, Uruguay y Venezuela.<\/strong><\/p>\n<p><strong>Los siguientes congresos del CLOVE se realizaron en M\u00e9xico (2005), Espa\u00f1a (2007), Brasil (2009), Argentina (2011), Venezuela (2013), Chile (2015), Brasil (2017) y Colombia (2019).<\/strong><\/p>\n<p><strong>Presidentes del CLOVE:<\/strong><\/p>\n<p><strong>Gustavo A. Garc\u00eda S\u00e1nchez, M\u00e9xico (2001-2003)<\/strong><br \/>\n<strong>Daniel Herrera, Argentina (2003-2005)<\/strong><br \/>\n<strong>Antonio Felipe Wouk, Brasil (2005-2007)<\/strong><br \/>\n<strong>Orestes Leites Mart\u00ednez, Uruguay (2007-2009)<\/strong><br \/>\n<strong>Jos\u00e9 Mar\u00eda Molleda, Espa\u00f1a (2009-2011)<\/strong><br \/>\n<strong>Pablo Sande Casal, Argentina (2011-2013)<\/strong><br \/>\n<strong>Mar\u00eda del Carmen Tovar Sahuquillo, Espa\u00f1a (2013-2015)<\/strong><br \/>\n<strong>Nathalie Weichsler, Argentina (2015-2017)<\/strong><br \/>\n<strong>Jorge Pereira, Brasil (2017-2019)<\/strong><br \/>\n<strong>Paula Diniz Galera, Brasil (2019-2021)<\/strong><\/p>\n\t\t<\/div>\n\t\t\t\t\t<\/div>\n\n\t\n<\/div>\n\t<div id=\"gap-361313466\" class=\"gap-element clearfix\" style=\"display:block; height:auto;\">\n\t\t\n<style>\n#gap-361313466 {\n  padding-top: 70px;\n}\n<\/style>\n\t<\/div>\n\t\n","protected":false},"excerpt":{"rendered":"","protected":false},"author":1,"featured_media":0,"parent":0,"menu_order":3,"comment_status":"open","ping_status":"open","template":"page-blank-title-center.php","meta":{"footnotes":""},"class_list":["post-6","page","type-page","status-publish","hentry"],"yoast_head":"<!-- This site is optimized with the Yoast SEO plugin v25.9 - https:\/\/yoast.com\/wordpress\/plugins\/seo\/ -->\n<title>Historia - CLOVE<\/title>\n<meta name=\"robots\" content=\"index, follow, max-snippet:-1, max-image-preview:large, max-video-preview:-1\" \/>\n<link rel=\"canonical\" href=\"https:\/\/cloveonline.com\/?page_id=6\" \/>\n<meta property=\"og:locale\" content=\"pt_BR\" \/>\n<meta property=\"og:type\" content=\"article\" \/>\n<meta property=\"og:title\" content=\"Historia - CLOVE\" \/>\n<meta property=\"og:url\" content=\"https:\/\/cloveonline.com\/?page_id=6\" \/>\n<meta property=\"og:site_name\" content=\"CLOVE\" \/>\n<meta property=\"article:modified_time\" content=\"2025-09-10T16:02:02+00:00\" \/>\n<meta name=\"twitter:card\" content=\"summary_large_image\" \/>\n<meta name=\"twitter:label1\" content=\"Est. tempo de leitura\" \/>\n\t<meta name=\"twitter:data1\" content=\"2 minutos\" \/>\n<script type=\"application\/ld+json\" class=\"yoast-schema-graph\">{\"@context\":\"https:\/\/schema.org\",\"@graph\":[{\"@type\":\"WebPage\",\"@id\":\"https:\/\/cloveonline.com\/?page_id=6\",\"url\":\"https:\/\/cloveonline.com\/?page_id=6\",\"name\":\"Historia - CLOVE\",\"isPartOf\":{\"@id\":\"https:\/\/cloveonline.com\/#website\"},\"datePublished\":\"2013-12-01T04:27:44+00:00\",\"dateModified\":\"2025-09-10T16:02:02+00:00\",\"breadcrumb\":{\"@id\":\"https:\/\/cloveonline.com\/?page_id=6#breadcrumb\"},\"inLanguage\":\"pt-BR\",\"potentialAction\":[{\"@type\":\"ReadAction\",\"target\":[\"https:\/\/cloveonline.com\/?page_id=6\"]}]},{\"@type\":\"BreadcrumbList\",\"@id\":\"https:\/\/cloveonline.com\/?page_id=6#breadcrumb\",\"itemListElement\":[{\"@type\":\"ListItem\",\"position\":1,\"name\":\"Portada\",\"item\":\"https:\/\/cloveonline.com\/\"},{\"@type\":\"ListItem\",\"position\":2,\"name\":\"Historia\"}]},{\"@type\":\"WebSite\",\"@id\":\"https:\/\/cloveonline.com\/#website\",\"url\":\"https:\/\/cloveonline.com\/\",\"name\":\"CLOVE\",\"description\":\"Colegio Latinoamericano de Oftalm\u00f3logos Veterinarios\",\"potentialAction\":[{\"@type\":\"SearchAction\",\"target\":{\"@type\":\"EntryPoint\",\"urlTemplate\":\"https:\/\/cloveonline.com\/?s={search_term_string}\"},\"query-input\":{\"@type\":\"PropertyValueSpecification\",\"valueRequired\":true,\"valueName\":\"search_term_string\"}}],\"inLanguage\":\"pt-BR\"}]}<\/script>\n<!-- \/ Yoast SEO plugin. -->","yoast_head_json":{"title":"Historia - CLOVE","robots":{"index":"index","follow":"follow","max-snippet":"max-snippet:-1","max-image-preview":"max-image-preview:large","max-video-preview":"max-video-preview:-1"},"canonical":"https:\/\/cloveonline.com\/?page_id=6","og_locale":"pt_BR","og_type":"article","og_title":"Historia - CLOVE","og_url":"https:\/\/cloveonline.com\/?page_id=6","og_site_name":"CLOVE","article_modified_time":"2025-09-10T16:02:02+00:00","twitter_card":"summary_large_image","twitter_misc":{"Est. tempo de leitura":"2 minutos"},"schema":{"@context":"https:\/\/schema.org","@graph":[{"@type":"WebPage","@id":"https:\/\/cloveonline.com\/?page_id=6","url":"https:\/\/cloveonline.com\/?page_id=6","name":"Historia - CLOVE","isPartOf":{"@id":"https:\/\/cloveonline.com\/#website"},"datePublished":"2013-12-01T04:27:44+00:00","dateModified":"2025-09-10T16:02:02+00:00","breadcrumb":{"@id":"https:\/\/cloveonline.com\/?page_id=6#breadcrumb"},"inLanguage":"pt-BR","potentialAction":[{"@type":"ReadAction","target":["https:\/\/cloveonline.com\/?page_id=6"]}]},{"@type":"BreadcrumbList","@id":"https:\/\/cloveonline.com\/?page_id=6#breadcrumb","itemListElement":[{"@type":"ListItem","position":1,"name":"Portada","item":"https:\/\/cloveonline.com\/"},{"@type":"ListItem","position":2,"name":"Historia"}]},{"@type":"WebSite","@id":"https:\/\/cloveonline.com\/#website","url":"https:\/\/cloveonline.com\/","name":"CLOVE","description":"Colegio Latinoamericano de Oftalm\u00f3logos Veterinarios","potentialAction":[{"@type":"SearchAction","target":{"@type":"EntryPoint","urlTemplate":"https:\/\/cloveonline.com\/?s={search_term_string}"},"query-input":{"@type":"PropertyValueSpecification","valueRequired":true,"valueName":"search_term_string"}}],"inLanguage":"pt-BR"}]}},"_links":{"self":[{"href":"https:\/\/cloveonline.com\/index.php?rest_route=\/wp\/v2\/pages\/6","targetHints":{"allow":["GET"]}}],"collection":[{"href":"https:\/\/cloveonline.com\/index.php?rest_route=\/wp\/v2\/pages"}],"about":[{"href":"https:\/\/cloveonline.com\/index.php?rest_route=\/wp\/v2\/types\/page"}],"author":[{"embeddable":true,"href":"https:\/\/cloveonline.com\/index.php?rest_route=\/wp\/v2\/users\/1"}],"replies":[{"embeddable":true,"href":"https:\/\/cloveonline.com\/index.php?rest_route=%2Fwp%2Fv2%2Fcomments&post=6"}],"version-history":[{"count":5,"href":"https:\/\/cloveonline.com\/index.php?rest_route=\/wp\/v2\/pages\/6\/revisions"}],"predecessor-version":[{"id":8849,"href":"https:\/\/cloveonline.com\/index.php?rest_route=\/wp\/v2\/pages\/6\/revisions\/8849"}],"wp:attachment":[{"href":"https:\/\/cloveonline.com\/index.php?rest_route=%2Fwp%2Fv2%2Fmedia&parent=6"}],"curies":[{"name":"wp","href":"https:\/\/api.w.org\/{rel}","templated":true}]}}