{"id":772,"date":"2020-05-29T12:23:19","date_gmt":"2020-05-29T15:23:19","guid":{"rendered":"https:\/\/bigmacbook.local\/CloveOnline\/?page_id=772"},"modified":"2025-09-10T13:01:53","modified_gmt":"2025-09-10T16:01:53","slug":"historia-3","status":"publish","type":"page","link":"https:\/\/cloveonline.com\/?page_id=772&lang=pt","title":{"rendered":"Hist\u00f3ria"},"content":{"rendered":"<div class=\"row\"  id=\"row-1040551937\">\n\n\t<div id=\"col-565688472\" class=\"col small-12 large-12\"  >\n\t\t\t\t<div class=\"col-inner\"  >\n\t\t\t\n\t\t\t\n<p><strong>O Col\u00e9gio Latino-Americano de Oftalmologistas Veterin\u00e1rios (CLOVE) foi fundado em 9 de junho de 2000 no Rio de Janeiro, Brasil e se encontra registrado no Registro Civil das Pessoas Jur\u00eddicas da Cidade do Rio de Janeiro sob o n\u00famero 13111553064 na data de 11 de maio de 2001.<\/strong><\/p>\n<p><strong>O CLOVE tem seu antecedente na Sociedade Latino-Americana de Oftalmologia Veterin\u00e1ria (SOLOVE) criada em Santiago de Chile em 8 de outubro de 1992. Surgiu por uma necessidade de um grupo de profissionais veterin\u00e1rios dedicados \u00e0 oftalmologia com o objetivo de reconhecer os logros alcan\u00e7ados por veterin\u00e1rios e de fixar um <i>standard<\/i> de especialista na \u00e1rea mediante um exame.<\/strong><\/p>\n<p><strong>A primeira sele\u00e7\u00e3o de diplomados aconteceu em Morelia, M\u00e9xico, durante o I Congresso do CLOVE, na qual constaram profissionais da Argentina, Brasil, Espanha, Guatemala, M\u00e9xico e Uruguai. Tais diplomados obtiveram seu certificado ap\u00f3s um exame no qual participaram como banca dois membros do American College of Veterinary Ophthalmologists (ACVO) e um membro do European College of Veterinary Ophthalmologists (ECVO). A primeira comiss\u00e3o diretiva foi formada por Gustavo Adolfo Garc\u00eda S\u00e1nchez (M\u00e9xico), Daniel Herrera (Argentina), Jorge Pereira (Brasil) e Ana Lucia Martins (Brasil).<\/strong><\/p>\n<p><strong>Durante o II Congresso do CLOVE realizado no Rio de Janeiro em agosto de 2003 houve a segunda sele\u00e7\u00e3o, onde 11 profissionais da Argentina, Brasil, M\u00e9xico e Uruguai foram diplomados e tamb\u00e9m renovadas as autoridades.<\/strong><\/p>\n<p><strong>A partir de 2004 e a cada 2 anos novos membros s\u00e3o selecionados e atualmente o CLOVE conta com 35 membros da Argentina, Brasil, Col\u00f4mbia, Espanha, Guatemala, M\u00e9xico, Uruguai e Venezuela.<\/strong><\/p>\n<p><strong>Os congressos do CLOVE subsequentes foram realizados no M\u00e9xico (2005), Espanha (2007), Brasil (2009), Argentina (2011), Venezuela (2013), Chile (2015), Brasil (2017) e Col\u00f4mbia (2019).<\/strong><\/p>\n<p><strong>Presidentes do CLOVE:<\/strong><\/p>\n<p><strong>Gustavo A. Garc\u00eda S\u00e1nchez, M\u00e9xico (2001-2003)<br \/>\n<\/strong><strong>Daniel Herrera, Argentina (2003-2005)<br \/>\n<\/strong><strong>Antonio Felipe Wouk, Brasil (2005-2007)<br \/>\n<\/strong><strong>Orestes Leites Mart\u00ednez, Uruguay (2007-2009)<br \/>\n<\/strong><strong>Jos\u00e9 Mar\u00eda Molleda, Espa\u00f1a (2009-2011)<br \/>\n<\/strong><strong>Pablo Sande Casal, Argentina (2011-2013)<br \/>\n<\/strong><strong>Mar\u00eda del Carmen Tovar Sahuquillo, Espa\u00f1a (2013-2015)<br \/>\n<\/strong><strong>Nathalie Weichsler, Argentina (2015-2017)<br \/>\n<\/strong><strong>Jorge Pereira, Brasil (2017-2019)<br \/>\n<\/strong><strong>Paula Diniz Galera (2019-2021)<\/strong><\/p>\n\t\t<\/div>\n\t\t\t\t\t<\/div>\n\n\t\n<\/div>\n\t<div id=\"gap-1996060266\" class=\"gap-element clearfix\" style=\"display:block; height:auto;\">\n\t\t\n<style>\n#gap-1996060266 {\n  padding-top: 70px;\n}\n<\/style>\n\t<\/div>\n\t\n","protected":false},"excerpt":{"rendered":"","protected":false},"author":1,"featured_media":0,"parent":0,"menu_order":3,"comment_status":"open","ping_status":"open","template":"page-blank-title-center.php","meta":{"footnotes":""},"class_list":["post-772","page","type-page","status-publish","hentry"],"yoast_head":"<!-- This site is optimized with the Yoast SEO plugin v25.9 - https:\/\/yoast.com\/wordpress\/plugins\/seo\/ -->\n<title>Hist\u00f3ria - CLOVE<\/title>\n<meta name=\"robots\" content=\"index, follow, max-snippet:-1, max-image-preview:large, max-video-preview:-1\" \/>\n<link rel=\"canonical\" href=\"https:\/\/cloveonline.com\/?page_id=772&lang=pt\" \/>\n<meta property=\"og:locale\" content=\"pt_BR\" \/>\n<meta property=\"og:type\" content=\"article\" \/>\n<meta property=\"og:title\" content=\"Hist\u00f3ria - CLOVE\" \/>\n<meta property=\"og:url\" content=\"https:\/\/cloveonline.com\/?page_id=772&amp;lang=pt\" \/>\n<meta property=\"og:site_name\" content=\"CLOVE\" \/>\n<meta property=\"article:modified_time\" content=\"2025-09-10T16:01:53+00:00\" \/>\n<meta name=\"twitter:card\" content=\"summary_large_image\" \/>\n<meta name=\"twitter:label1\" content=\"Est. tempo de leitura\" \/>\n\t<meta name=\"twitter:data1\" content=\"2 minutos\" \/>\n<script type=\"application\/ld+json\" class=\"yoast-schema-graph\">{\"@context\":\"https:\/\/schema.org\",\"@graph\":[{\"@type\":\"WebPage\",\"@id\":\"https:\/\/cloveonline.com\/?page_id=772&lang=pt\",\"url\":\"https:\/\/cloveonline.com\/?page_id=772&lang=pt\",\"name\":\"Hist\u00f3ria - CLOVE\",\"isPartOf\":{\"@id\":\"https:\/\/cloveonline.com\/#website\"},\"datePublished\":\"2020-05-29T15:23:19+00:00\",\"dateModified\":\"2025-09-10T16:01:53+00:00\",\"breadcrumb\":{\"@id\":\"https:\/\/cloveonline.com\/?page_id=772&lang=pt#breadcrumb\"},\"inLanguage\":\"pt-BR\",\"potentialAction\":[{\"@type\":\"ReadAction\",\"target\":[\"https:\/\/cloveonline.com\/?page_id=772&lang=pt\"]}]},{\"@type\":\"BreadcrumbList\",\"@id\":\"https:\/\/cloveonline.com\/?page_id=772&lang=pt#breadcrumb\",\"itemListElement\":[{\"@type\":\"ListItem\",\"position\":1,\"name\":\"Portada\",\"item\":\"https:\/\/cloveonline.com\/\"},{\"@type\":\"ListItem\",\"position\":2,\"name\":\"Hist\u00f3ria\"}]},{\"@type\":\"WebSite\",\"@id\":\"https:\/\/cloveonline.com\/#website\",\"url\":\"https:\/\/cloveonline.com\/\",\"name\":\"CLOVE\",\"description\":\"Colegio Latinoamericano de Oftalm\u00f3logos Veterinarios\",\"potentialAction\":[{\"@type\":\"SearchAction\",\"target\":{\"@type\":\"EntryPoint\",\"urlTemplate\":\"https:\/\/cloveonline.com\/?s={search_term_string}\"},\"query-input\":{\"@type\":\"PropertyValueSpecification\",\"valueRequired\":true,\"valueName\":\"search_term_string\"}}],\"inLanguage\":\"pt-BR\"}]}<\/script>\n<!-- \/ Yoast SEO plugin. -->","yoast_head_json":{"title":"Hist\u00f3ria - CLOVE","robots":{"index":"index","follow":"follow","max-snippet":"max-snippet:-1","max-image-preview":"max-image-preview:large","max-video-preview":"max-video-preview:-1"},"canonical":"https:\/\/cloveonline.com\/?page_id=772&lang=pt","og_locale":"pt_BR","og_type":"article","og_title":"Hist\u00f3ria - CLOVE","og_url":"https:\/\/cloveonline.com\/?page_id=772&lang=pt","og_site_name":"CLOVE","article_modified_time":"2025-09-10T16:01:53+00:00","twitter_card":"summary_large_image","twitter_misc":{"Est. tempo de leitura":"2 minutos"},"schema":{"@context":"https:\/\/schema.org","@graph":[{"@type":"WebPage","@id":"https:\/\/cloveonline.com\/?page_id=772&lang=pt","url":"https:\/\/cloveonline.com\/?page_id=772&lang=pt","name":"Hist\u00f3ria - CLOVE","isPartOf":{"@id":"https:\/\/cloveonline.com\/#website"},"datePublished":"2020-05-29T15:23:19+00:00","dateModified":"2025-09-10T16:01:53+00:00","breadcrumb":{"@id":"https:\/\/cloveonline.com\/?page_id=772&lang=pt#breadcrumb"},"inLanguage":"pt-BR","potentialAction":[{"@type":"ReadAction","target":["https:\/\/cloveonline.com\/?page_id=772&lang=pt"]}]},{"@type":"BreadcrumbList","@id":"https:\/\/cloveonline.com\/?page_id=772&lang=pt#breadcrumb","itemListElement":[{"@type":"ListItem","position":1,"name":"Portada","item":"https:\/\/cloveonline.com\/"},{"@type":"ListItem","position":2,"name":"Hist\u00f3ria"}]},{"@type":"WebSite","@id":"https:\/\/cloveonline.com\/#website","url":"https:\/\/cloveonline.com\/","name":"CLOVE","description":"Colegio Latinoamericano de Oftalm\u00f3logos Veterinarios","potentialAction":[{"@type":"SearchAction","target":{"@type":"EntryPoint","urlTemplate":"https:\/\/cloveonline.com\/?s={search_term_string}"},"query-input":{"@type":"PropertyValueSpecification","valueRequired":true,"valueName":"search_term_string"}}],"inLanguage":"pt-BR"}]}},"_links":{"self":[{"href":"https:\/\/cloveonline.com\/index.php?rest_route=\/wp\/v2\/pages\/772","targetHints":{"allow":["GET"]}}],"collection":[{"href":"https:\/\/cloveonline.com\/index.php?rest_route=\/wp\/v2\/pages"}],"about":[{"href":"https:\/\/cloveonline.com\/index.php?rest_route=\/wp\/v2\/types\/page"}],"author":[{"embeddable":true,"href":"https:\/\/cloveonline.com\/index.php?rest_route=\/wp\/v2\/users\/1"}],"replies":[{"embeddable":true,"href":"https:\/\/cloveonline.com\/index.php?rest_route=%2Fwp%2Fv2%2Fcomments&post=772"}],"version-history":[{"count":3,"href":"https:\/\/cloveonline.com\/index.php?rest_route=\/wp\/v2\/pages\/772\/revisions"}],"predecessor-version":[{"id":8848,"href":"https:\/\/cloveonline.com\/index.php?rest_route=\/wp\/v2\/pages\/772\/revisions\/8848"}],"wp:attachment":[{"href":"https:\/\/cloveonline.com\/index.php?rest_route=%2Fwp%2Fv2%2Fmedia&parent=772"}],"curies":[{"name":"wp","href":"https:\/\/api.w.org\/{rel}","templated":true}]}}