{"id":864,"date":"2020-05-30T14:38:07","date_gmt":"2020-05-30T17:38:07","guid":{"rendered":"https:\/\/bigmacbook.local\/CloveOnline\/?page_id=864"},"modified":"2025-09-10T13:12:37","modified_gmt":"2025-09-10T16:12:37","slug":"7o-congresso-isla-margarita-venezuela-julho-de-2013","status":"publish","type":"page","link":"https:\/\/cloveonline.com\/?page_id=864&lang=pt","title":{"rendered":"7\u00ba Congresso, Isla Margarita, Venezuela, julho de 2013"},"content":{"rendered":"<div class=\"row\"  id=\"row-1037744532\">\n\n\t<div id=\"col-587155191\" class=\"col small-12 large-12\"  >\n\t\t\t\t<div class=\"col-inner\"  >\n\t\t\t\n\t\t\t\n<p>O 7\u00ba Congresso CLOVE foi realizado em julho de 2013 na Ilha Margarita, na Venezuela. O Dr. John Sapienza (EUA) e o Dr. Dinelli Brass (Porto Rico), ambos graduados na ACVO, participaram como oradores convidados. E, em nome do CLOVE, os drs. Jorge Pereira, Eva Suarez, Mariano Bernades, Janio Johnston e Jose Sanabria. Como atividades especiais, houve um simp\u00f3sio de Oftalmologia Equina e um Workshop de Casos Cl\u00ednicos. Na Assembl\u00e9ia, o atual Conselho de Administra\u00e7\u00e3o 2013-2015 \u00e9 eleito, chefiado pela Dra. Maria del Carmen Tovar.<\/p>\n\t\t<\/div>\n\t\t\t\t\t<\/div>\n\n\t\n<\/div>\n\t<div id=\"gap-1881696282\" class=\"gap-element clearfix\" style=\"display:block; height:auto;\">\n\t\t\n<style>\n#gap-1881696282 {\n  padding-top: 70px;\n}\n<\/style>\n\t<\/div>\n\t\n","protected":false},"excerpt":{"rendered":"","protected":false},"author":1,"featured_media":0,"parent":0,"menu_order":1,"comment_status":"open","ping_status":"open","template":"page-blank-title-center.php","meta":{"footnotes":""},"class_list":["post-864","page","type-page","status-publish","hentry"],"yoast_head":"<!-- This site is optimized with the Yoast SEO plugin v25.9 - https:\/\/yoast.com\/wordpress\/plugins\/seo\/ -->\n<title>7\u00ba Congresso, Isla Margarita, Venezuela, julho de 2013 - CLOVE<\/title>\n<meta name=\"robots\" content=\"index, follow, max-snippet:-1, max-image-preview:large, max-video-preview:-1\" \/>\n<link rel=\"canonical\" href=\"https:\/\/cloveonline.com\/?page_id=864&lang=pt\" \/>\n<meta property=\"og:locale\" content=\"pt_BR\" \/>\n<meta property=\"og:type\" content=\"article\" \/>\n<meta property=\"og:title\" content=\"7\u00ba Congresso, Isla Margarita, Venezuela, julho de 2013 - CLOVE\" \/>\n<meta property=\"og:url\" content=\"https:\/\/cloveonline.com\/?page_id=864&amp;lang=pt\" \/>\n<meta property=\"og:site_name\" content=\"CLOVE\" \/>\n<meta property=\"article:modified_time\" content=\"2025-09-10T16:12:37+00:00\" \/>\n<meta name=\"twitter:card\" content=\"summary_large_image\" \/>\n<meta name=\"twitter:label1\" content=\"Est. tempo de leitura\" \/>\n\t<meta name=\"twitter:data1\" content=\"1 minuto\" \/>\n<script type=\"application\/ld+json\" class=\"yoast-schema-graph\">{\"@context\":\"https:\/\/schema.org\",\"@graph\":[{\"@type\":\"WebPage\",\"@id\":\"https:\/\/cloveonline.com\/?page_id=864&lang=pt\",\"url\":\"https:\/\/cloveonline.com\/?page_id=864&lang=pt\",\"name\":\"7\u00ba Congresso, Isla Margarita, Venezuela, julho de 2013 - CLOVE\",\"isPartOf\":{\"@id\":\"https:\/\/cloveonline.com\/#website\"},\"datePublished\":\"2020-05-30T17:38:07+00:00\",\"dateModified\":\"2025-09-10T16:12:37+00:00\",\"breadcrumb\":{\"@id\":\"https:\/\/cloveonline.com\/?page_id=864&lang=pt#breadcrumb\"},\"inLanguage\":\"pt-BR\",\"potentialAction\":[{\"@type\":\"ReadAction\",\"target\":[\"https:\/\/cloveonline.com\/?page_id=864&lang=pt\"]}]},{\"@type\":\"BreadcrumbList\",\"@id\":\"https:\/\/cloveonline.com\/?page_id=864&lang=pt#breadcrumb\",\"itemListElement\":[{\"@type\":\"ListItem\",\"position\":1,\"name\":\"Portada\",\"item\":\"https:\/\/cloveonline.com\/\"},{\"@type\":\"ListItem\",\"position\":2,\"name\":\"7\u00ba Congresso, Isla Margarita, Venezuela, julho de 2013\"}]},{\"@type\":\"WebSite\",\"@id\":\"https:\/\/cloveonline.com\/#website\",\"url\":\"https:\/\/cloveonline.com\/\",\"name\":\"CLOVE\",\"description\":\"Colegio Latinoamericano de Oftalm\u00f3logos Veterinarios\",\"potentialAction\":[{\"@type\":\"SearchAction\",\"target\":{\"@type\":\"EntryPoint\",\"urlTemplate\":\"https:\/\/cloveonline.com\/?s={search_term_string}\"},\"query-input\":{\"@type\":\"PropertyValueSpecification\",\"valueRequired\":true,\"valueName\":\"search_term_string\"}}],\"inLanguage\":\"pt-BR\"}]}<\/script>\n<!-- \/ Yoast SEO plugin. -->","yoast_head_json":{"title":"7\u00ba Congresso, Isla Margarita, Venezuela, julho de 2013 - CLOVE","robots":{"index":"index","follow":"follow","max-snippet":"max-snippet:-1","max-image-preview":"max-image-preview:large","max-video-preview":"max-video-preview:-1"},"canonical":"https:\/\/cloveonline.com\/?page_id=864&lang=pt","og_locale":"pt_BR","og_type":"article","og_title":"7\u00ba Congresso, Isla Margarita, Venezuela, julho de 2013 - CLOVE","og_url":"https:\/\/cloveonline.com\/?page_id=864&lang=pt","og_site_name":"CLOVE","article_modified_time":"2025-09-10T16:12:37+00:00","twitter_card":"summary_large_image","twitter_misc":{"Est. tempo de leitura":"1 minuto"},"schema":{"@context":"https:\/\/schema.org","@graph":[{"@type":"WebPage","@id":"https:\/\/cloveonline.com\/?page_id=864&lang=pt","url":"https:\/\/cloveonline.com\/?page_id=864&lang=pt","name":"7\u00ba Congresso, Isla Margarita, Venezuela, julho de 2013 - CLOVE","isPartOf":{"@id":"https:\/\/cloveonline.com\/#website"},"datePublished":"2020-05-30T17:38:07+00:00","dateModified":"2025-09-10T16:12:37+00:00","breadcrumb":{"@id":"https:\/\/cloveonline.com\/?page_id=864&lang=pt#breadcrumb"},"inLanguage":"pt-BR","potentialAction":[{"@type":"ReadAction","target":["https:\/\/cloveonline.com\/?page_id=864&lang=pt"]}]},{"@type":"BreadcrumbList","@id":"https:\/\/cloveonline.com\/?page_id=864&lang=pt#breadcrumb","itemListElement":[{"@type":"ListItem","position":1,"name":"Portada","item":"https:\/\/cloveonline.com\/"},{"@type":"ListItem","position":2,"name":"7\u00ba Congresso, Isla Margarita, Venezuela, julho de 2013"}]},{"@type":"WebSite","@id":"https:\/\/cloveonline.com\/#website","url":"https:\/\/cloveonline.com\/","name":"CLOVE","description":"Colegio Latinoamericano de Oftalm\u00f3logos Veterinarios","potentialAction":[{"@type":"SearchAction","target":{"@type":"EntryPoint","urlTemplate":"https:\/\/cloveonline.com\/?s={search_term_string}"},"query-input":{"@type":"PropertyValueSpecification","valueRequired":true,"valueName":"search_term_string"}}],"inLanguage":"pt-BR"}]}},"_links":{"self":[{"href":"https:\/\/cloveonline.com\/index.php?rest_route=\/wp\/v2\/pages\/864","targetHints":{"allow":["GET"]}}],"collection":[{"href":"https:\/\/cloveonline.com\/index.php?rest_route=\/wp\/v2\/pages"}],"about":[{"href":"https:\/\/cloveonline.com\/index.php?rest_route=\/wp\/v2\/types\/page"}],"author":[{"embeddable":true,"href":"https:\/\/cloveonline.com\/index.php?rest_route=\/wp\/v2\/users\/1"}],"replies":[{"embeddable":true,"href":"https:\/\/cloveonline.com\/index.php?rest_route=%2Fwp%2Fv2%2Fcomments&post=864"}],"version-history":[{"count":1,"href":"https:\/\/cloveonline.com\/index.php?rest_route=\/wp\/v2\/pages\/864\/revisions"}],"predecessor-version":[{"id":8865,"href":"https:\/\/cloveonline.com\/index.php?rest_route=\/wp\/v2\/pages\/864\/revisions\/8865"}],"wp:attachment":[{"href":"https:\/\/cloveonline.com\/index.php?rest_route=%2Fwp%2Fv2%2Fmedia&parent=864"}],"curies":[{"name":"wp","href":"https:\/\/api.w.org\/{rel}","templated":true}]}}