{"id":867,"date":"2020-05-30T14:40:57","date_gmt":"2020-05-30T17:40:57","guid":{"rendered":"https:\/\/bigmacbook.local\/CloveOnline\/?page_id=867"},"modified":"2025-09-10T13:10:04","modified_gmt":"2025-09-10T16:10:04","slug":"8o-congresso-concepcion-chile-novembro-de-2015","status":"publish","type":"page","link":"https:\/\/cloveonline.com\/?page_id=867&lang=pt","title":{"rendered":"8\u00ba Congresso, Concepci\u00f3n, Chile, novembro de 2015"},"content":{"rendered":"<div class=\"row\"  id=\"row-545660901\">\n\n\t<div id=\"col-745353970\" class=\"col small-12 large-12\"  >\n\t\t\t\t<div class=\"col-inner\"  >\n\t\t\t\n\t\t\t\n<p>O 8\u00ba Congresso CLOVE foi realizado na cidade de Concepci\u00f3n (Chile), de 26 a 29 de novembro de 2015. As atividades foram realizadas nas instala\u00e7\u00f5es da Faculdade de Veterin\u00e1ria da Universidade de Concepci\u00f3n e nos dias 26 e 27 foram realizadas v\u00e1rias atividades pr\u00e9-congresso que inclu\u00edram: Curso de Atualiza\u00e7\u00e3o em Oftalmologia Felina (35 participantes), Oficina de Cirurgia da p\u00e1lpebra (27 participantes), Oficina de Oftalmologia Equina (24 participantes) e Curso de Fotografia Ocular (5 participantes).<\/p>\n<p>O Congresso foi realizado nos dias 28 e 29, com a participa\u00e7\u00e3o de 126 participantes da Argentina, Brasil, Chile, Col\u00f4mbia, Equador, Espanha, M\u00e9xico, Panam\u00e1, Peru, Uruguai e Venezuela. As atividades consistiram em confer\u00eancias e mesas redondas sobre o tema &#8220;Superf\u00edcie Ocular&#8221; e numerosos trabalhos foram apresentados oralmente e em p\u00f4ster.<\/p>\n<p>Tamb\u00e9m foi realizado um concurso de fotografia ocular, no qual os participantes votaram nas duas melhores fotografias que foram premiadas.<\/p>\n<p>Dois novos membros passaram no exame de admiss\u00e3o: Drs: Carlos Aparicio, da Col\u00f4mbia, e Nicol\u00e1s Curetti, da Argentina. A Dra. Nathalie Weichsler tamb\u00e9m assume a presid\u00eancia do per\u00edodo 2015-2017. Da mesma forma, Bras\u00edlia \u00e9 eleita na Assembl\u00e9ia como sede do 9\u00ba Congresso a ser realizado em 2017.<\/p>\n\t\t<\/div>\n\t\t\t\t\t<\/div>\n\n\t\n<\/div>\n\t<div id=\"gap-1421885421\" class=\"gap-element clearfix\" style=\"display:block; height:auto;\">\n\t\t\n<style>\n#gap-1421885421 {\n  padding-top: 70px;\n}\n<\/style>\n\t<\/div>\n\t\n<p>&nbsp;<\/p>\n","protected":false},"excerpt":{"rendered":"<p>&nbsp;<\/p>\n","protected":false},"author":1,"featured_media":0,"parent":0,"menu_order":0,"comment_status":"open","ping_status":"open","template":"page-blank-title-center.php","meta":{"footnotes":""},"class_list":["post-867","page","type-page","status-publish","hentry"],"yoast_head":"<!-- This site is optimized with the Yoast SEO plugin v25.9 - https:\/\/yoast.com\/wordpress\/plugins\/seo\/ -->\n<title>8\u00ba Congresso, Concepci\u00f3n, Chile, novembro de 2015 - CLOVE<\/title>\n<meta name=\"robots\" content=\"index, follow, max-snippet:-1, max-image-preview:large, max-video-preview:-1\" \/>\n<link rel=\"canonical\" href=\"https:\/\/cloveonline.com\/?page_id=867&lang=pt\" \/>\n<meta property=\"og:locale\" content=\"pt_BR\" \/>\n<meta property=\"og:type\" content=\"article\" \/>\n<meta property=\"og:title\" content=\"8\u00ba Congresso, Concepci\u00f3n, Chile, novembro de 2015 - CLOVE\" \/>\n<meta property=\"og:description\" content=\"&nbsp;\" \/>\n<meta property=\"og:url\" content=\"https:\/\/cloveonline.com\/?page_id=867&amp;lang=pt\" \/>\n<meta property=\"og:site_name\" content=\"CLOVE\" \/>\n<meta property=\"article:modified_time\" content=\"2025-09-10T16:10:04+00:00\" \/>\n<meta name=\"twitter:card\" content=\"summary_large_image\" \/>\n<meta name=\"twitter:label1\" content=\"Est. tempo de leitura\" \/>\n\t<meta name=\"twitter:data1\" content=\"2 minutos\" \/>\n<script type=\"application\/ld+json\" class=\"yoast-schema-graph\">{\"@context\":\"https:\/\/schema.org\",\"@graph\":[{\"@type\":\"WebPage\",\"@id\":\"https:\/\/cloveonline.com\/?page_id=867&lang=pt\",\"url\":\"https:\/\/cloveonline.com\/?page_id=867&lang=pt\",\"name\":\"8\u00ba Congresso, Concepci\u00f3n, Chile, novembro de 2015 - CLOVE\",\"isPartOf\":{\"@id\":\"https:\/\/cloveonline.com\/#website\"},\"datePublished\":\"2020-05-30T17:40:57+00:00\",\"dateModified\":\"2025-09-10T16:10:04+00:00\",\"breadcrumb\":{\"@id\":\"https:\/\/cloveonline.com\/?page_id=867&lang=pt#breadcrumb\"},\"inLanguage\":\"pt-BR\",\"potentialAction\":[{\"@type\":\"ReadAction\",\"target\":[\"https:\/\/cloveonline.com\/?page_id=867&lang=pt\"]}]},{\"@type\":\"BreadcrumbList\",\"@id\":\"https:\/\/cloveonline.com\/?page_id=867&lang=pt#breadcrumb\",\"itemListElement\":[{\"@type\":\"ListItem\",\"position\":1,\"name\":\"Portada\",\"item\":\"https:\/\/cloveonline.com\/\"},{\"@type\":\"ListItem\",\"position\":2,\"name\":\"8\u00ba Congresso, Concepci\u00f3n, Chile, novembro de 2015\"}]},{\"@type\":\"WebSite\",\"@id\":\"https:\/\/cloveonline.com\/#website\",\"url\":\"https:\/\/cloveonline.com\/\",\"name\":\"CLOVE\",\"description\":\"Colegio Latinoamericano de Oftalm\u00f3logos Veterinarios\",\"potentialAction\":[{\"@type\":\"SearchAction\",\"target\":{\"@type\":\"EntryPoint\",\"urlTemplate\":\"https:\/\/cloveonline.com\/?s={search_term_string}\"},\"query-input\":{\"@type\":\"PropertyValueSpecification\",\"valueRequired\":true,\"valueName\":\"search_term_string\"}}],\"inLanguage\":\"pt-BR\"}]}<\/script>\n<!-- \/ Yoast SEO plugin. -->","yoast_head_json":{"title":"8\u00ba Congresso, Concepci\u00f3n, Chile, novembro de 2015 - CLOVE","robots":{"index":"index","follow":"follow","max-snippet":"max-snippet:-1","max-image-preview":"max-image-preview:large","max-video-preview":"max-video-preview:-1"},"canonical":"https:\/\/cloveonline.com\/?page_id=867&lang=pt","og_locale":"pt_BR","og_type":"article","og_title":"8\u00ba Congresso, Concepci\u00f3n, Chile, novembro de 2015 - CLOVE","og_description":"&nbsp;","og_url":"https:\/\/cloveonline.com\/?page_id=867&lang=pt","og_site_name":"CLOVE","article_modified_time":"2025-09-10T16:10:04+00:00","twitter_card":"summary_large_image","twitter_misc":{"Est. tempo de leitura":"2 minutos"},"schema":{"@context":"https:\/\/schema.org","@graph":[{"@type":"WebPage","@id":"https:\/\/cloveonline.com\/?page_id=867&lang=pt","url":"https:\/\/cloveonline.com\/?page_id=867&lang=pt","name":"8\u00ba Congresso, Concepci\u00f3n, Chile, novembro de 2015 - CLOVE","isPartOf":{"@id":"https:\/\/cloveonline.com\/#website"},"datePublished":"2020-05-30T17:40:57+00:00","dateModified":"2025-09-10T16:10:04+00:00","breadcrumb":{"@id":"https:\/\/cloveonline.com\/?page_id=867&lang=pt#breadcrumb"},"inLanguage":"pt-BR","potentialAction":[{"@type":"ReadAction","target":["https:\/\/cloveonline.com\/?page_id=867&lang=pt"]}]},{"@type":"BreadcrumbList","@id":"https:\/\/cloveonline.com\/?page_id=867&lang=pt#breadcrumb","itemListElement":[{"@type":"ListItem","position":1,"name":"Portada","item":"https:\/\/cloveonline.com\/"},{"@type":"ListItem","position":2,"name":"8\u00ba Congresso, Concepci\u00f3n, Chile, novembro de 2015"}]},{"@type":"WebSite","@id":"https:\/\/cloveonline.com\/#website","url":"https:\/\/cloveonline.com\/","name":"CLOVE","description":"Colegio Latinoamericano de Oftalm\u00f3logos Veterinarios","potentialAction":[{"@type":"SearchAction","target":{"@type":"EntryPoint","urlTemplate":"https:\/\/cloveonline.com\/?s={search_term_string}"},"query-input":{"@type":"PropertyValueSpecification","valueRequired":true,"valueName":"search_term_string"}}],"inLanguage":"pt-BR"}]}},"_links":{"self":[{"href":"https:\/\/cloveonline.com\/index.php?rest_route=\/wp\/v2\/pages\/867","targetHints":{"allow":["GET"]}}],"collection":[{"href":"https:\/\/cloveonline.com\/index.php?rest_route=\/wp\/v2\/pages"}],"about":[{"href":"https:\/\/cloveonline.com\/index.php?rest_route=\/wp\/v2\/types\/page"}],"author":[{"embeddable":true,"href":"https:\/\/cloveonline.com\/index.php?rest_route=\/wp\/v2\/users\/1"}],"replies":[{"embeddable":true,"href":"https:\/\/cloveonline.com\/index.php?rest_route=%2Fwp%2Fv2%2Fcomments&post=867"}],"version-history":[{"count":1,"href":"https:\/\/cloveonline.com\/index.php?rest_route=\/wp\/v2\/pages\/867\/revisions"}],"predecessor-version":[{"id":8862,"href":"https:\/\/cloveonline.com\/index.php?rest_route=\/wp\/v2\/pages\/867\/revisions\/8862"}],"wp:attachment":[{"href":"https:\/\/cloveonline.com\/index.php?rest_route=%2Fwp%2Fv2%2Fmedia&parent=867"}],"curies":[{"name":"wp","href":"https:\/\/api.w.org\/{rel}","templated":true}]}}