{"id":8682,"date":"2025-08-18T11:59:20","date_gmt":"2025-08-18T14:59:20","guid":{"rendered":"https:\/\/cloveonline.com\/?page_id=8682"},"modified":"2025-09-10T13:00:06","modified_gmt":"2025-09-10T16:00:06","slug":"11avo-congreso-clove-lima-peru-2023","status":"publish","type":"page","link":"https:\/\/cloveonline.com\/?page_id=8682","title":{"rendered":"11avo. Congreso CLOVE Lima, Per\u00fa, 2023."},"content":{"rendered":"<div class=\"row\"  id=\"row-590000191\">\n\n\t<div id=\"col-1903520853\" class=\"col small-12 large-12\"  >\n\t\t\t\t<div class=\"col-inner\"  >\n\t\t\t\n\t\t\t\n<p>En la ciudad de Lima, Per\u00fa del 21 al 24 de mayo 2023, se realiz\u00f3 nuestro decimo primer Congreso de Oftalmolog\u00eda veterinaria, en el Centro de Exposiciones del Jockey Club del Per\u00fa. Este se realiz\u00f3 paralelo al Congreso LATAM de medicina veterinaria.<\/p>\n<p>Se conto con expositores del Colegi\u00f3 Americano de Oftalm\u00f3logos Veterinarios ACVO: DACVO John Sapienza, DACVO Mary Glazze y DACVO Carmen Colitz.<\/p>\n<p>Por parte del Colegio Latinoamericano de Oftalm\u00f3logos Veterinarios CLOVE: DCLOVE Pablo Sande y DCLOVE Fred Pineda.<\/p>\n<p>Tambi\u00e9n con los M\u00e9dicos Veterinarios: PHD Miguel Saggese y PHD Natalia Vologzhanina.<\/p>\n<p>En este se realizaron Wet Labs de Cirug\u00eda de Parpados y de Glaucoma.<\/p>\n<p>Durante este congreso se les dio la bienvenida a los nuevos miembros del CLOVE:<br \/>\n&#8211; Ingrid Michele Johnston Kirste de Guatemala;<br \/>\n&#8211; Aytze\u00e9 Pi\u00f1on de M\u00e9xico;<br \/>\n&#8211; Joaquin Arturo Quiroz Mercado de M\u00e9xico;<br \/>\n&#8211; Mar\u00eda de la Luz Ram\u00edrez M\u00e9ndez de M\u00e9xico;<br \/>\n&#8211; Agustina Iaquinandi de Argentina;<br \/>\n&#8211; Nathalie Dower de Brasil;<br \/>\n&#8211; Rayssa Faleiro de Brasil;<br \/>\n&#8211; Fabio Brito de Brasil;<br \/>\n&#8211; Carolina Barbosa de Brasil.<\/p>\n\t\t<\/div>\n\t\t\t\t\t<\/div>\n\n\t\n<\/div>\n\t<div id=\"gap-999003509\" class=\"gap-element clearfix\" style=\"display:block; height:auto;\">\n\t\t\n<style>\n#gap-999003509 {\n  padding-top: 70px;\n}\n<\/style>\n\t<\/div>\n\t\n","protected":false},"excerpt":{"rendered":"","protected":false},"author":1,"featured_media":0,"parent":0,"menu_order":0,"comment_status":"open","ping_status":"open","template":"page-blank-title-center.php","meta":{"footnotes":""},"class_list":["post-8682","page","type-page","status-publish","hentry"],"yoast_head":"<!-- This site is optimized with the Yoast SEO plugin v25.9 - https:\/\/yoast.com\/wordpress\/plugins\/seo\/ -->\n<title>11avo. Congreso CLOVE Lima, Per\u00fa, 2023. - CLOVE<\/title>\n<meta name=\"robots\" content=\"index, follow, max-snippet:-1, max-image-preview:large, max-video-preview:-1\" \/>\n<link rel=\"canonical\" href=\"https:\/\/cloveonline.com\/?page_id=8682\" \/>\n<meta property=\"og:locale\" content=\"pt_BR\" \/>\n<meta property=\"og:type\" content=\"article\" \/>\n<meta property=\"og:title\" content=\"11avo. Congreso CLOVE Lima, Per\u00fa, 2023. - CLOVE\" \/>\n<meta property=\"og:url\" content=\"https:\/\/cloveonline.com\/?page_id=8682\" \/>\n<meta property=\"og:site_name\" content=\"CLOVE\" \/>\n<meta property=\"article:modified_time\" content=\"2025-09-10T16:00:06+00:00\" \/>\n<meta name=\"twitter:card\" content=\"summary_large_image\" \/>\n<meta name=\"twitter:label1\" content=\"Est. tempo de leitura\" \/>\n\t<meta name=\"twitter:data1\" content=\"1 minuto\" \/>\n<script type=\"application\/ld+json\" class=\"yoast-schema-graph\">{\"@context\":\"https:\/\/schema.org\",\"@graph\":[{\"@type\":\"WebPage\",\"@id\":\"https:\/\/cloveonline.com\/?page_id=8682\",\"url\":\"https:\/\/cloveonline.com\/?page_id=8682\",\"name\":\"11avo. Congreso CLOVE Lima, Per\u00fa, 2023. - CLOVE\",\"isPartOf\":{\"@id\":\"https:\/\/cloveonline.com\/#website\"},\"datePublished\":\"2025-08-18T14:59:20+00:00\",\"dateModified\":\"2025-09-10T16:00:06+00:00\",\"breadcrumb\":{\"@id\":\"https:\/\/cloveonline.com\/?page_id=8682#breadcrumb\"},\"inLanguage\":\"pt-BR\",\"potentialAction\":[{\"@type\":\"ReadAction\",\"target\":[\"https:\/\/cloveonline.com\/?page_id=8682\"]}]},{\"@type\":\"BreadcrumbList\",\"@id\":\"https:\/\/cloveonline.com\/?page_id=8682#breadcrumb\",\"itemListElement\":[{\"@type\":\"ListItem\",\"position\":1,\"name\":\"Portada\",\"item\":\"https:\/\/cloveonline.com\/\"},{\"@type\":\"ListItem\",\"position\":2,\"name\":\"11avo. Congreso CLOVE Lima, Per\u00fa, 2023.\"}]},{\"@type\":\"WebSite\",\"@id\":\"https:\/\/cloveonline.com\/#website\",\"url\":\"https:\/\/cloveonline.com\/\",\"name\":\"CLOVE\",\"description\":\"Colegio Latinoamericano de Oftalm\u00f3logos Veterinarios\",\"potentialAction\":[{\"@type\":\"SearchAction\",\"target\":{\"@type\":\"EntryPoint\",\"urlTemplate\":\"https:\/\/cloveonline.com\/?s={search_term_string}\"},\"query-input\":{\"@type\":\"PropertyValueSpecification\",\"valueRequired\":true,\"valueName\":\"search_term_string\"}}],\"inLanguage\":\"pt-BR\"}]}<\/script>\n<!-- \/ Yoast SEO plugin. -->","yoast_head_json":{"title":"11avo. Congreso CLOVE Lima, Per\u00fa, 2023. - CLOVE","robots":{"index":"index","follow":"follow","max-snippet":"max-snippet:-1","max-image-preview":"max-image-preview:large","max-video-preview":"max-video-preview:-1"},"canonical":"https:\/\/cloveonline.com\/?page_id=8682","og_locale":"pt_BR","og_type":"article","og_title":"11avo. Congreso CLOVE Lima, Per\u00fa, 2023. - CLOVE","og_url":"https:\/\/cloveonline.com\/?page_id=8682","og_site_name":"CLOVE","article_modified_time":"2025-09-10T16:00:06+00:00","twitter_card":"summary_large_image","twitter_misc":{"Est. tempo de leitura":"1 minuto"},"schema":{"@context":"https:\/\/schema.org","@graph":[{"@type":"WebPage","@id":"https:\/\/cloveonline.com\/?page_id=8682","url":"https:\/\/cloveonline.com\/?page_id=8682","name":"11avo. Congreso CLOVE Lima, Per\u00fa, 2023. - CLOVE","isPartOf":{"@id":"https:\/\/cloveonline.com\/#website"},"datePublished":"2025-08-18T14:59:20+00:00","dateModified":"2025-09-10T16:00:06+00:00","breadcrumb":{"@id":"https:\/\/cloveonline.com\/?page_id=8682#breadcrumb"},"inLanguage":"pt-BR","potentialAction":[{"@type":"ReadAction","target":["https:\/\/cloveonline.com\/?page_id=8682"]}]},{"@type":"BreadcrumbList","@id":"https:\/\/cloveonline.com\/?page_id=8682#breadcrumb","itemListElement":[{"@type":"ListItem","position":1,"name":"Portada","item":"https:\/\/cloveonline.com\/"},{"@type":"ListItem","position":2,"name":"11avo. Congreso CLOVE Lima, Per\u00fa, 2023."}]},{"@type":"WebSite","@id":"https:\/\/cloveonline.com\/#website","url":"https:\/\/cloveonline.com\/","name":"CLOVE","description":"Colegio Latinoamericano de Oftalm\u00f3logos Veterinarios","potentialAction":[{"@type":"SearchAction","target":{"@type":"EntryPoint","urlTemplate":"https:\/\/cloveonline.com\/?s={search_term_string}"},"query-input":{"@type":"PropertyValueSpecification","valueRequired":true,"valueName":"search_term_string"}}],"inLanguage":"pt-BR"}]}},"_links":{"self":[{"href":"https:\/\/cloveonline.com\/index.php?rest_route=\/wp\/v2\/pages\/8682","targetHints":{"allow":["GET"]}}],"collection":[{"href":"https:\/\/cloveonline.com\/index.php?rest_route=\/wp\/v2\/pages"}],"about":[{"href":"https:\/\/cloveonline.com\/index.php?rest_route=\/wp\/v2\/types\/page"}],"author":[{"embeddable":true,"href":"https:\/\/cloveonline.com\/index.php?rest_route=\/wp\/v2\/users\/1"}],"replies":[{"embeddable":true,"href":"https:\/\/cloveonline.com\/index.php?rest_route=%2Fwp%2Fv2%2Fcomments&post=8682"}],"version-history":[{"count":3,"href":"https:\/\/cloveonline.com\/index.php?rest_route=\/wp\/v2\/pages\/8682\/revisions"}],"predecessor-version":[{"id":8844,"href":"https:\/\/cloveonline.com\/index.php?rest_route=\/wp\/v2\/pages\/8682\/revisions\/8844"}],"wp:attachment":[{"href":"https:\/\/cloveonline.com\/index.php?rest_route=%2Fwp%2Fv2%2Fmedia&parent=8682"}],"curies":[{"name":"wp","href":"https:\/\/api.w.org\/{rel}","templated":true}]}}