{"id":8685,"date":"2025-08-18T12:11:05","date_gmt":"2025-08-18T15:11:05","guid":{"rendered":"https:\/\/cloveonline.com\/?page_id=8685"},"modified":"2025-09-10T13:00:04","modified_gmt":"2025-09-10T16:00:04","slug":"11o-congresso-clove-lima-peru-2023","status":"publish","type":"page","link":"https:\/\/cloveonline.com\/?page_id=8685&lang=pt","title":{"rendered":"11\u00ba Congresso CLOVE Lima, Per\u00fa, 2023."},"content":{"rendered":"<div class=\"row\"  id=\"row-991888460\">\n\n\t<div id=\"col-2080478048\" class=\"col small-12 large-12\"  >\n\t\t\t\t<div class=\"col-inner\"  >\n\t\t\t\n\t\t\t\n<p>Nosso d\u00e9cimo primeiro Congresso de Oftalmologia Veterin\u00e1ria foi realizado em Lima, Peru, de 21 a 24 de maio de 2023, no Centro de Exposi\u00e7\u00f5es Jockey Club do Peru. Foi realizado paralelamente ao Congresso LATAM de Medicina Veterin\u00e1ria.<\/p>\n<p>Os palestrantes do Col\u00e9gio Americano de Oftalmologistas Veterin\u00e1rios (ACVO) foram: DACVO John Sapienza, DACVO Mary Glazze e DACVO Carmen Colitz.<\/p>\n<p>Do Col\u00e9gio Latino-Americano de Oftalmologistas Veterin\u00e1rios (CLOVE) foram: DCLOVE Pablo Sande e DCLOVE Fred Pineda.<\/p>\n<p>Tamb\u00e9m estiveram presentes os veterin\u00e1rios: Dr. Miguel Saggese e Dra. Natalia Vologzhanina.<\/p>\n<p>Foram realizados exames laboratoriais a fresco para cirurgia palpebral e glaucoma.<\/p>\n<p>Durante este congresso, os novos membros do CLOVE foram recepcionados:<br \/>\n&#8211; Ingrid Michele Johnston Kirste de Guatemala;<br \/>\n&#8211; Aytze\u00e9 Pi\u00f1on de M\u00e9xico;<br \/>\n&#8211; Joaquin Arturo Quiroz Mercado de M\u00e9xico;<br \/>\n&#8211; Mar\u00eda de la Luz Ram\u00edrez M\u00e9ndez de M\u00e9xico;<br \/>\n&#8211; Agustina Iaquinandi de Argentina;<br \/>\n&#8211; Nathalie Dower de Brasil;<br \/>\n&#8211; Rayssa Faleiro de Brasil;<br \/>\n&#8211; Fabio Brito de Brasil;<br \/>\n&#8211; Carolina Barbosa de Brasil.<\/p>\n\t\t<\/div>\n\t\t\t\t\t<\/div>\n\n\t\n<\/div>\n\t<div id=\"gap-411763679\" class=\"gap-element clearfix\" style=\"display:block; height:auto;\">\n\t\t\n<style>\n#gap-411763679 {\n  padding-top: 70px;\n}\n<\/style>\n\t<\/div>\n\t\n","protected":false},"excerpt":{"rendered":"","protected":false},"author":1,"featured_media":0,"parent":0,"menu_order":0,"comment_status":"open","ping_status":"open","template":"page-blank-title-center.php","meta":{"footnotes":""},"class_list":["post-8685","page","type-page","status-publish","hentry"],"yoast_head":"<!-- This site is optimized with the Yoast SEO plugin v25.9 - https:\/\/yoast.com\/wordpress\/plugins\/seo\/ -->\n<title>11\u00ba Congresso CLOVE Lima, Per\u00fa, 2023. - CLOVE<\/title>\n<meta name=\"robots\" content=\"index, follow, max-snippet:-1, max-image-preview:large, max-video-preview:-1\" \/>\n<link rel=\"canonical\" href=\"https:\/\/cloveonline.com\/?page_id=8685&lang=pt\" \/>\n<meta property=\"og:locale\" content=\"pt_BR\" \/>\n<meta property=\"og:type\" content=\"article\" \/>\n<meta property=\"og:title\" content=\"11\u00ba Congresso CLOVE Lima, Per\u00fa, 2023. - CLOVE\" \/>\n<meta property=\"og:url\" content=\"https:\/\/cloveonline.com\/?page_id=8685&amp;lang=pt\" \/>\n<meta property=\"og:site_name\" content=\"CLOVE\" \/>\n<meta property=\"article:modified_time\" content=\"2025-09-10T16:00:04+00:00\" \/>\n<meta name=\"twitter:card\" content=\"summary_large_image\" \/>\n<meta name=\"twitter:label1\" content=\"Est. tempo de leitura\" \/>\n\t<meta name=\"twitter:data1\" content=\"1 minuto\" \/>\n<script type=\"application\/ld+json\" class=\"yoast-schema-graph\">{\"@context\":\"https:\/\/schema.org\",\"@graph\":[{\"@type\":\"WebPage\",\"@id\":\"https:\/\/cloveonline.com\/?page_id=8685&lang=pt\",\"url\":\"https:\/\/cloveonline.com\/?page_id=8685&lang=pt\",\"name\":\"11\u00ba Congresso CLOVE Lima, Per\u00fa, 2023. - CLOVE\",\"isPartOf\":{\"@id\":\"https:\/\/cloveonline.com\/#website\"},\"datePublished\":\"2025-08-18T15:11:05+00:00\",\"dateModified\":\"2025-09-10T16:00:04+00:00\",\"breadcrumb\":{\"@id\":\"https:\/\/cloveonline.com\/?page_id=8685&lang=pt#breadcrumb\"},\"inLanguage\":\"pt-BR\",\"potentialAction\":[{\"@type\":\"ReadAction\",\"target\":[\"https:\/\/cloveonline.com\/?page_id=8685&lang=pt\"]}]},{\"@type\":\"BreadcrumbList\",\"@id\":\"https:\/\/cloveonline.com\/?page_id=8685&lang=pt#breadcrumb\",\"itemListElement\":[{\"@type\":\"ListItem\",\"position\":1,\"name\":\"Portada\",\"item\":\"https:\/\/cloveonline.com\/\"},{\"@type\":\"ListItem\",\"position\":2,\"name\":\"11\u00ba Congresso CLOVE Lima, Per\u00fa, 2023.\"}]},{\"@type\":\"WebSite\",\"@id\":\"https:\/\/cloveonline.com\/#website\",\"url\":\"https:\/\/cloveonline.com\/\",\"name\":\"CLOVE\",\"description\":\"Colegio Latinoamericano de Oftalm\u00f3logos Veterinarios\",\"potentialAction\":[{\"@type\":\"SearchAction\",\"target\":{\"@type\":\"EntryPoint\",\"urlTemplate\":\"https:\/\/cloveonline.com\/?s={search_term_string}\"},\"query-input\":{\"@type\":\"PropertyValueSpecification\",\"valueRequired\":true,\"valueName\":\"search_term_string\"}}],\"inLanguage\":\"pt-BR\"}]}<\/script>\n<!-- \/ Yoast SEO plugin. -->","yoast_head_json":{"title":"11\u00ba Congresso CLOVE Lima, Per\u00fa, 2023. - CLOVE","robots":{"index":"index","follow":"follow","max-snippet":"max-snippet:-1","max-image-preview":"max-image-preview:large","max-video-preview":"max-video-preview:-1"},"canonical":"https:\/\/cloveonline.com\/?page_id=8685&lang=pt","og_locale":"pt_BR","og_type":"article","og_title":"11\u00ba Congresso CLOVE Lima, Per\u00fa, 2023. - CLOVE","og_url":"https:\/\/cloveonline.com\/?page_id=8685&lang=pt","og_site_name":"CLOVE","article_modified_time":"2025-09-10T16:00:04+00:00","twitter_card":"summary_large_image","twitter_misc":{"Est. tempo de leitura":"1 minuto"},"schema":{"@context":"https:\/\/schema.org","@graph":[{"@type":"WebPage","@id":"https:\/\/cloveonline.com\/?page_id=8685&lang=pt","url":"https:\/\/cloveonline.com\/?page_id=8685&lang=pt","name":"11\u00ba Congresso CLOVE Lima, Per\u00fa, 2023. - CLOVE","isPartOf":{"@id":"https:\/\/cloveonline.com\/#website"},"datePublished":"2025-08-18T15:11:05+00:00","dateModified":"2025-09-10T16:00:04+00:00","breadcrumb":{"@id":"https:\/\/cloveonline.com\/?page_id=8685&lang=pt#breadcrumb"},"inLanguage":"pt-BR","potentialAction":[{"@type":"ReadAction","target":["https:\/\/cloveonline.com\/?page_id=8685&lang=pt"]}]},{"@type":"BreadcrumbList","@id":"https:\/\/cloveonline.com\/?page_id=8685&lang=pt#breadcrumb","itemListElement":[{"@type":"ListItem","position":1,"name":"Portada","item":"https:\/\/cloveonline.com\/"},{"@type":"ListItem","position":2,"name":"11\u00ba Congresso CLOVE Lima, Per\u00fa, 2023."}]},{"@type":"WebSite","@id":"https:\/\/cloveonline.com\/#website","url":"https:\/\/cloveonline.com\/","name":"CLOVE","description":"Colegio Latinoamericano de Oftalm\u00f3logos Veterinarios","potentialAction":[{"@type":"SearchAction","target":{"@type":"EntryPoint","urlTemplate":"https:\/\/cloveonline.com\/?s={search_term_string}"},"query-input":{"@type":"PropertyValueSpecification","valueRequired":true,"valueName":"search_term_string"}}],"inLanguage":"pt-BR"}]}},"_links":{"self":[{"href":"https:\/\/cloveonline.com\/index.php?rest_route=\/wp\/v2\/pages\/8685","targetHints":{"allow":["GET"]}}],"collection":[{"href":"https:\/\/cloveonline.com\/index.php?rest_route=\/wp\/v2\/pages"}],"about":[{"href":"https:\/\/cloveonline.com\/index.php?rest_route=\/wp\/v2\/types\/page"}],"author":[{"embeddable":true,"href":"https:\/\/cloveonline.com\/index.php?rest_route=\/wp\/v2\/users\/1"}],"replies":[{"embeddable":true,"href":"https:\/\/cloveonline.com\/index.php?rest_route=%2Fwp%2Fv2%2Fcomments&post=8685"}],"version-history":[{"count":2,"href":"https:\/\/cloveonline.com\/index.php?rest_route=\/wp\/v2\/pages\/8685\/revisions"}],"predecessor-version":[{"id":8845,"href":"https:\/\/cloveonline.com\/index.php?rest_route=\/wp\/v2\/pages\/8685\/revisions\/8845"}],"wp:attachment":[{"href":"https:\/\/cloveonline.com\/index.php?rest_route=%2Fwp%2Fv2%2Fmedia&parent=8685"}],"curies":[{"name":"wp","href":"https:\/\/api.w.org\/{rel}","templated":true}]}}