{"id":8629,"date":"2025-01-20T22:31:32","date_gmt":"2025-01-21T01:31:32","guid":{"rendered":"https:\/\/cloveonline.com\/?post_type=product&#038;p=8629"},"modified":"2026-03-06T16:04:54","modified_gmt":"2026-03-06T19:04:54","slug":"pagamento-de-anuidade-2025","status":"publish","type":"product","link":"https:\/\/cloveonline.com\/?product=pagamento-de-anuidade-2025&lang=pt","title":{"rendered":"Pagamento de Anuidade 2025"},"content":{"rendered":"","protected":false},"excerpt":{"rendered":"<p>&#8211; Pagamento de anuidade apenas para aqueles que j\u00e1 s\u00e3o membros do CLOVE.<br \/>\n&#8211; Valor equivalente a US$ 100, que ser\u00e1 convertido pela operadora do seu cart\u00e3o de cr\u00e9dito.<\/p>\n","protected":false},"featured_media":894,"template":"","meta":[],"product_brand":[],"product_cat":[102],"product_tag":[],"class_list":{"0":"post-8629","1":"product","2":"type-product","3":"status-publish","4":"has-post-thumbnail","6":"product_cat-taxas-anuais","8":"first","9":"instock","10":"virtual","11":"sold-individually","12":"purchasable","13":"product-type-simple"},"yoast_head":"<!-- This site is optimized with the Yoast SEO plugin v25.9 - https:\/\/yoast.com\/wordpress\/plugins\/seo\/ -->\n<title>Pagamento de Anuidade 2025 - CLOVE<\/title>\n<meta name=\"robots\" content=\"index, follow, max-snippet:-1, max-image-preview:large, max-video-preview:-1\" \/>\n<link rel=\"canonical\" href=\"https:\/\/cloveonline.com\/?product=pagamento-de-anuidade-2025&lang=pt\" \/>\n<meta property=\"og:locale\" content=\"pt_BR\" \/>\n<meta property=\"og:type\" content=\"article\" \/>\n<meta property=\"og:title\" content=\"Pagamento de Anuidade 2025 - CLOVE\" \/>\n<meta property=\"og:description\" content=\"- Pagamento de anuidade apenas para aqueles que j\u00e1 s\u00e3o membros do CLOVE. - Valor equivalente a US$ 100, que ser\u00e1 convertido pela operadora do seu cart\u00e3o de cr\u00e9dito.\" \/>\n<meta property=\"og:url\" content=\"https:\/\/cloveonline.com\/?product=pagamento-de-anuidade-2025&amp;lang=pt\" \/>\n<meta property=\"og:site_name\" content=\"CLOVE\" \/>\n<meta property=\"article:modified_time\" content=\"2026-03-06T19:04:54+00:00\" \/>\n<meta property=\"og:image\" content=\"https:\/\/cloveonline.com\/wp-content\/uploads\/2019\/03\/BlackImage.png\" \/>\n\t<meta property=\"og:image:width\" content=\"1000\" \/>\n\t<meta property=\"og:image:height\" content=\"1000\" \/>\n\t<meta property=\"og:image:type\" content=\"image\/png\" \/>\n<meta name=\"twitter:card\" content=\"summary_large_image\" \/>\n<meta name=\"twitter:label1\" content=\"Est. tempo de leitura\" \/>\n\t<meta name=\"twitter:data1\" content=\"1 minuto\" \/>\n<script type=\"application\/ld+json\" class=\"yoast-schema-graph\">{\"@context\":\"https:\/\/schema.org\",\"@graph\":[{\"@type\":\"WebPage\",\"@id\":\"https:\/\/cloveonline.com\/?product=pagamento-de-anuidade-2025&lang=pt\",\"url\":\"https:\/\/cloveonline.com\/?product=pagamento-de-anuidade-2025&lang=pt\",\"name\":\"Pagamento de Anuidade 2025 - CLOVE\",\"isPartOf\":{\"@id\":\"https:\/\/cloveonline.com\/#website\"},\"primaryImageOfPage\":{\"@id\":\"https:\/\/cloveonline.com\/?product=pagamento-de-anuidade-2025&lang=pt#primaryimage\"},\"image\":{\"@id\":\"https:\/\/cloveonline.com\/?product=pagamento-de-anuidade-2025&lang=pt#primaryimage\"},\"thumbnailUrl\":\"https:\/\/cloveonline.com\/wp-content\/uploads\/2019\/03\/BlackImage.png\",\"datePublished\":\"2025-01-21T01:31:32+00:00\",\"dateModified\":\"2026-03-06T19:04:54+00:00\",\"breadcrumb\":{\"@id\":\"https:\/\/cloveonline.com\/?product=pagamento-de-anuidade-2025&lang=pt#breadcrumb\"},\"inLanguage\":\"pt-BR\",\"potentialAction\":[{\"@type\":\"ReadAction\",\"target\":[\"https:\/\/cloveonline.com\/?product=pagamento-de-anuidade-2025&lang=pt\"]}]},{\"@type\":\"ImageObject\",\"inLanguage\":\"pt-BR\",\"@id\":\"https:\/\/cloveonline.com\/?product=pagamento-de-anuidade-2025&lang=pt#primaryimage\",\"url\":\"https:\/\/cloveonline.com\/wp-content\/uploads\/2019\/03\/BlackImage.png\",\"contentUrl\":\"https:\/\/cloveonline.com\/wp-content\/uploads\/2019\/03\/BlackImage.png\",\"width\":1000,\"height\":1000},{\"@type\":\"BreadcrumbList\",\"@id\":\"https:\/\/cloveonline.com\/?product=pagamento-de-anuidade-2025&lang=pt#breadcrumb\",\"itemListElement\":[{\"@type\":\"ListItem\",\"position\":1,\"name\":\"Portada\",\"item\":\"https:\/\/cloveonline.com\/\"},{\"@type\":\"ListItem\",\"position\":2,\"name\":\"Productos\",\"item\":\"https:\/\/cloveonline.com\/?post_type=product\"},{\"@type\":\"ListItem\",\"position\":3,\"name\":\"Pagamento de Anuidade 2025\"}]},{\"@type\":\"WebSite\",\"@id\":\"https:\/\/cloveonline.com\/#website\",\"url\":\"https:\/\/cloveonline.com\/\",\"name\":\"CLOVE\",\"description\":\"Colegio Latinoamericano de Oftalm\u00f3logos Veterinarios\",\"potentialAction\":[{\"@type\":\"SearchAction\",\"target\":{\"@type\":\"EntryPoint\",\"urlTemplate\":\"https:\/\/cloveonline.com\/?s={search_term_string}\"},\"query-input\":{\"@type\":\"PropertyValueSpecification\",\"valueRequired\":true,\"valueName\":\"search_term_string\"}}],\"inLanguage\":\"pt-BR\"}]}<\/script>\n<!-- \/ Yoast SEO plugin. -->","yoast_head_json":{"title":"Pagamento de Anuidade 2025 - CLOVE","robots":{"index":"index","follow":"follow","max-snippet":"max-snippet:-1","max-image-preview":"max-image-preview:large","max-video-preview":"max-video-preview:-1"},"canonical":"https:\/\/cloveonline.com\/?product=pagamento-de-anuidade-2025&lang=pt","og_locale":"pt_BR","og_type":"article","og_title":"Pagamento de Anuidade 2025 - CLOVE","og_description":"- Pagamento de anuidade apenas para aqueles que j\u00e1 s\u00e3o membros do CLOVE. - Valor equivalente a US$ 100, que ser\u00e1 convertido pela operadora do seu cart\u00e3o de cr\u00e9dito.","og_url":"https:\/\/cloveonline.com\/?product=pagamento-de-anuidade-2025&lang=pt","og_site_name":"CLOVE","article_modified_time":"2026-03-06T19:04:54+00:00","og_image":[{"width":1000,"height":1000,"url":"https:\/\/cloveonline.com\/wp-content\/uploads\/2019\/03\/BlackImage.png","type":"image\/png"}],"twitter_card":"summary_large_image","twitter_misc":{"Est. tempo de leitura":"1 minuto"},"schema":{"@context":"https:\/\/schema.org","@graph":[{"@type":"WebPage","@id":"https:\/\/cloveonline.com\/?product=pagamento-de-anuidade-2025&lang=pt","url":"https:\/\/cloveonline.com\/?product=pagamento-de-anuidade-2025&lang=pt","name":"Pagamento de Anuidade 2025 - CLOVE","isPartOf":{"@id":"https:\/\/cloveonline.com\/#website"},"primaryImageOfPage":{"@id":"https:\/\/cloveonline.com\/?product=pagamento-de-anuidade-2025&lang=pt#primaryimage"},"image":{"@id":"https:\/\/cloveonline.com\/?product=pagamento-de-anuidade-2025&lang=pt#primaryimage"},"thumbnailUrl":"https:\/\/cloveonline.com\/wp-content\/uploads\/2019\/03\/BlackImage.png","datePublished":"2025-01-21T01:31:32+00:00","dateModified":"2026-03-06T19:04:54+00:00","breadcrumb":{"@id":"https:\/\/cloveonline.com\/?product=pagamento-de-anuidade-2025&lang=pt#breadcrumb"},"inLanguage":"pt-BR","potentialAction":[{"@type":"ReadAction","target":["https:\/\/cloveonline.com\/?product=pagamento-de-anuidade-2025&lang=pt"]}]},{"@type":"ImageObject","inLanguage":"pt-BR","@id":"https:\/\/cloveonline.com\/?product=pagamento-de-anuidade-2025&lang=pt#primaryimage","url":"https:\/\/cloveonline.com\/wp-content\/uploads\/2019\/03\/BlackImage.png","contentUrl":"https:\/\/cloveonline.com\/wp-content\/uploads\/2019\/03\/BlackImage.png","width":1000,"height":1000},{"@type":"BreadcrumbList","@id":"https:\/\/cloveonline.com\/?product=pagamento-de-anuidade-2025&lang=pt#breadcrumb","itemListElement":[{"@type":"ListItem","position":1,"name":"Portada","item":"https:\/\/cloveonline.com\/"},{"@type":"ListItem","position":2,"name":"Productos","item":"https:\/\/cloveonline.com\/?post_type=product"},{"@type":"ListItem","position":3,"name":"Pagamento de Anuidade 2025"}]},{"@type":"WebSite","@id":"https:\/\/cloveonline.com\/#website","url":"https:\/\/cloveonline.com\/","name":"CLOVE","description":"Colegio Latinoamericano de Oftalm\u00f3logos Veterinarios","potentialAction":[{"@type":"SearchAction","target":{"@type":"EntryPoint","urlTemplate":"https:\/\/cloveonline.com\/?s={search_term_string}"},"query-input":{"@type":"PropertyValueSpecification","valueRequired":true,"valueName":"search_term_string"}}],"inLanguage":"pt-BR"}]}},"_links":{"self":[{"href":"https:\/\/cloveonline.com\/index.php?rest_route=\/wp\/v2\/product\/8629","targetHints":{"allow":["GET"]}}],"collection":[{"href":"https:\/\/cloveonline.com\/index.php?rest_route=\/wp\/v2\/product"}],"about":[{"href":"https:\/\/cloveonline.com\/index.php?rest_route=\/wp\/v2\/types\/product"}],"wp:featuredmedia":[{"embeddable":true,"href":"https:\/\/cloveonline.com\/index.php?rest_route=\/wp\/v2\/media\/894"}],"wp:attachment":[{"href":"https:\/\/cloveonline.com\/index.php?rest_route=%2Fwp%2Fv2%2Fmedia&parent=8629"}],"wp:term":[{"taxonomy":"product_brand","embeddable":true,"href":"https:\/\/cloveonline.com\/index.php?rest_route=%2Fwp%2Fv2%2Fproduct_brand&post=8629"},{"taxonomy":"product_cat","embeddable":true,"href":"https:\/\/cloveonline.com\/index.php?rest_route=%2Fwp%2Fv2%2Fproduct_cat&post=8629"},{"taxonomy":"product_tag","embeddable":true,"href":"https:\/\/cloveonline.com\/index.php?rest_route=%2Fwp%2Fv2%2Fproduct_tag&post=8629"}],"curies":[{"name":"wp","href":"https:\/\/api.w.org\/{rel}","templated":true}]}}